{"id":1011,"date":"2022-10-09T20:32:44","date_gmt":"2022-10-09T23:32:44","guid":{"rendered":"https:\/\/hervas-pharmacia.com.br\/novo\/?page_id=1011"},"modified":"2022-10-09T20:43:40","modified_gmt":"2022-10-09T23:43:40","slug":"museu","status":"publish","type":"page","link":"https:\/\/hervas-pharmacia.com.br\/novo\/museu\/","title":{"rendered":"Museu"},"content":{"rendered":"<h1>Museu<\/h1>\n<hr \/>\n<p>A import\u00e2ncia desse museu para a sociedade, est\u00e1 em preservar a mem\u00f3ria da farm\u00e1cia e do profissional farmac\u00eautico ao longo da hist\u00f3ria brasileira. No Museu Herva\u00b4s est\u00e3o expostos livros de \u00e9poca, datados de 1870 at\u00e9 1930 com os quais, o profissional intitulado farmac\u00eautico construiu a hist\u00f3ria da manipula\u00e7\u00e3o farmac\u00eautica no Brasil. A Herva\u00b4s resgatou, atrav\u00e9s da hist\u00f3ria da manipula\u00e7\u00e3o farmac\u00eautica, objetos, equipamentos e materiais que compuseram o retrato de como as farm\u00e1cias trabalhavam antigamente.<\/p>\n<p>O Museu Herva\u2019s est\u00e1 localizado na unidade\u00a0<a title=\"Unidade Santo Andr\u00e9\" href=\"https:\/\/hervas-pharmacia.com.br\/site\/unidades\/\">Santo Andr\u00e9<\/a><\/p>\n  <style>\n    #gallery-582494621 .grid-col-1{height: 600px}\n    #gallery-582494621 .grid-col-1-2{height: 300px}\n    #gallery-582494621 .grid-col-1-3{height:200px}\n    #gallery-582494621 .grid-col-2-3{height: 400px}\n    #gallery-582494621 .grid-col-1-4{height: 150px}\n    #gallery-582494621 .grid-col-3-4{height: 450px}\n\n\n        \/* Tablet *\/\n    @media (max-width: 850px){\n      #gallery-582494621 .grid-col-1{height: 400px}\n      #gallery-582494621 .grid-col-1-2{height: 200px}\n      #gallery-582494621 .grid-col-1-3{height:133.33333333333px}\n      #gallery-582494621 .grid-col-2-3{height: 266.66666666667px}\n      #gallery-582494621 .grid-col-1-4{height: 100px}\n      #gallery-582494621 .grid-col-3-4{height: 300px}\n    }\n    \n        \/* Mobile *\/\n    @media (max-width: 550px){\n      #gallery-582494621 .grid-col-1{height: 400px}\n      #gallery-582494621 .grid-col-1-2{height: 200px}\n      #gallery-582494621 .grid-col-1-3{height:133.33333333333px}\n      #gallery-582494621 .grid-col-2-3{height: 266.66666666667px}\n      #gallery-582494621 .grid-col-1-4{height: 100px}\n      #gallery-582494621 .grid-col-3-4{height: 300px}\n    }\n    \n\n  <\/style>\n  \n  \n    <div id=\"gallery-582494621\" class=\"row row-grid\" data-packery-options='{\"itemSelector\": \".col\", \"gutter\": 0, \"presentageWidth\" : true}'>\n\n  <div class=\"gallery-col col grid-col grid-col-1 large-3 medium-6\" >\n          <div class=\"col-inner\">\n            <a class=\"image-lightbox lightbox-gallery\" href=\"https:\/\/hervas-pharmacia.com.br\/novo\/wp-content\/uploads\/2022\/10\/museu1.jpg\" title=\"\">            <div class=\"box has-hover gallery-box box-overlay dark box-text-center\">\n              <div class=\"box-image\" >\n                <img width=\"400\" height=\"600\" src=\"https:\/\/hervas-pharmacia.com.br\/novo\/wp-content\/uploads\/2022\/10\/museu1.jpg\" class=\"attachment-large size-large\" alt=\"\" decoding=\"async\" loading=\"lazy\" ids=\"1015,1016,1017,1018\" type=\"grid\" grid=\"4\" srcset=\"https:\/\/hervas-pharmacia.com.br\/novo\/wp-content\/uploads\/2022\/10\/museu1.jpg 400w, https:\/\/hervas-pharmacia.com.br\/novo\/wp-content\/uploads\/2022\/10\/museu1-267x400.jpg 267w\" sizes=\"(max-width: 400px) 100vw, 400px\" \/>                                  <div class=\"overlay fill\"\n                      style=\"background-color: rgba(0,0,0,.15)\">\n                  <\/div>\n                                                              <\/div>\n              <div class=\"box-text text-left dark\" >\n                 <p><\/p>\n              <\/div>\n            <\/div>\n            <\/a>          <\/div>\n         <\/div><div class=\"gallery-col col grid-col grid-col-1 large-3 medium-6\" >\n          <div class=\"col-inner\">\n            <a class=\"image-lightbox lightbox-gallery\" href=\"https:\/\/hervas-pharmacia.com.br\/novo\/wp-content\/uploads\/2022\/10\/museu2.jpg\" title=\"\">            <div class=\"box has-hover gallery-box box-overlay dark box-text-center\">\n              <div class=\"box-image\" >\n                <img width=\"560\" height=\"373\" src=\"https:\/\/hervas-pharmacia.com.br\/novo\/wp-content\/uploads\/2022\/10\/museu2.jpg\" class=\"attachment-large size-large\" alt=\"\" decoding=\"async\" loading=\"lazy\" ids=\"1015,1016,1017,1018\" type=\"grid\" grid=\"4\" \/>                                  <div class=\"overlay fill\"\n                      style=\"background-color: rgba(0,0,0,.15)\">\n                  <\/div>\n                                                              <\/div>\n              <div class=\"box-text text-left dark\" >\n                 <p><\/p>\n              <\/div>\n            <\/div>\n            <\/a>          <\/div>\n         <\/div><div class=\"gallery-col col grid-col grid-col-1 large-3 medium-6\" >\n          <div class=\"col-inner\">\n            <a class=\"image-lightbox lightbox-gallery\" href=\"https:\/\/hervas-pharmacia.com.br\/novo\/wp-content\/uploads\/2022\/10\/museu3.jpg\" title=\"\">            <div class=\"box has-hover gallery-box box-overlay dark box-text-center\">\n              <div class=\"box-image\" >\n                <img width=\"560\" height=\"373\" src=\"https:\/\/hervas-pharmacia.com.br\/novo\/wp-content\/uploads\/2022\/10\/museu3.jpg\" class=\"attachment-large size-large\" alt=\"\" decoding=\"async\" loading=\"lazy\" ids=\"1015,1016,1017,1018\" type=\"grid\" grid=\"4\" \/>                                  <div class=\"overlay fill\"\n                      style=\"background-color: rgba(0,0,0,.15)\">\n                  <\/div>\n                                                              <\/div>\n              <div class=\"box-text text-left dark\" >\n                 <p><\/p>\n              <\/div>\n            <\/div>\n            <\/a>          <\/div>\n         <\/div><div class=\"gallery-col col grid-col grid-col-1 large-3 medium-6\" >\n          <div class=\"col-inner\">\n            <a class=\"image-lightbox lightbox-gallery\" href=\"https:\/\/hervas-pharmacia.com.br\/novo\/wp-content\/uploads\/2022\/10\/museu4.jpg\" title=\"\">            <div class=\"box has-hover gallery-box box-overlay dark box-text-center\">\n              <div class=\"box-image\" >\n                <img width=\"400\" height=\"600\" src=\"https:\/\/hervas-pharmacia.com.br\/novo\/wp-content\/uploads\/2022\/10\/museu4.jpg\" class=\"attachment-large size-large\" alt=\"\" decoding=\"async\" loading=\"lazy\" ids=\"1015,1016,1017,1018\" type=\"grid\" grid=\"4\" srcset=\"https:\/\/hervas-pharmacia.com.br\/novo\/wp-content\/uploads\/2022\/10\/museu4.jpg 400w, https:\/\/hervas-pharmacia.com.br\/novo\/wp-content\/uploads\/2022\/10\/museu4-267x400.jpg 267w\" sizes=\"(max-width: 400px) 100vw, 400px\" \/>                                  <div class=\"overlay fill\"\n                      style=\"background-color: rgba(0,0,0,.15)\">\n                  <\/div>\n                                                              <\/div>\n              <div class=\"box-text text-left dark\" >\n                 <p><\/p>\n              <\/div>\n            <\/div>\n            <\/a>          <\/div>\n         <\/div><\/div>\n","protected":false},"excerpt":{"rendered":"<p>Museu A import\u00e2ncia desse museu para a sociedade, est\u00e1 em preservar a mem\u00f3ria da farm\u00e1cia e do profissional farmac\u00eautico ao longo da hist\u00f3ria brasileira. No Museu Herva\u00b4s est\u00e3o expostos livros de \u00e9poca, datados de 1870 at\u00e9 1930 com os quais, o profissional intitulado farmac\u00eautico construiu a hist\u00f3ria da manipula\u00e7\u00e3o farmac\u00eautica no Brasil. A Herva\u00b4s resgatou, [&#8230;]\n","protected":false},"author":1,"featured_media":0,"parent":0,"menu_order":0,"comment_status":"closed","ping_status":"closed","template":"","meta":[],"_links":{"self":[{"href":"https:\/\/hervas-pharmacia.com.br\/novo\/wp-json\/wp\/v2\/pages\/1011"}],"collection":[{"href":"https:\/\/hervas-pharmacia.com.br\/novo\/wp-json\/wp\/v2\/pages"}],"about":[{"href":"https:\/\/hervas-pharmacia.com.br\/novo\/wp-json\/wp\/v2\/types\/page"}],"author":[{"embeddable":true,"href":"https:\/\/hervas-pharmacia.com.br\/novo\/wp-json\/wp\/v2\/users\/1"}],"replies":[{"embeddable":true,"href":"https:\/\/hervas-pharmacia.com.br\/novo\/wp-json\/wp\/v2\/comments?post=1011"}],"version-history":[{"count":6,"href":"https:\/\/hervas-pharmacia.com.br\/novo\/wp-json\/wp\/v2\/pages\/1011\/revisions"}],"predecessor-version":[{"id":1022,"href":"https:\/\/hervas-pharmacia.com.br\/novo\/wp-json\/wp\/v2\/pages\/1011\/revisions\/1022"}],"wp:attachment":[{"href":"https:\/\/hervas-pharmacia.com.br\/novo\/wp-json\/wp\/v2\/media?parent=1011"}],"curies":[{"name":"wp","href":"https:\/\/api.w.org\/{rel}","templated":true}]}}