{"id":1023,"date":"2022-10-09T20:44:50","date_gmt":"2022-10-09T23:44:50","guid":{"rendered":"https:\/\/hervas-pharmacia.com.br\/novo\/?page_id=1023"},"modified":"2022-10-09T20:48:01","modified_gmt":"2022-10-09T23:48:01","slug":"meio-ambiente","status":"publish","type":"page","link":"https:\/\/hervas-pharmacia.com.br\/novo\/meio-ambiente\/","title":{"rendered":"Meio Ambiente"},"content":{"rendered":"<div class=\"row\"  id=\"row-1469615249\">\n\n\t<div id=\"col-34853672\" class=\"col small-12 large-12\"  >\n\t\t\t\t<div class=\"col-inner\"  >\n\t\t\t\n\t\t\t\n\t<div class=\"img has-hover x md-x lg-x y md-y lg-y\" id=\"image_904282804\">\n\t\t\t\t\t\t\t\t<div class=\"img-inner dark\" >\n\t\t\t<img width=\"929\" height=\"135\" src=\"https:\/\/hervas-pharmacia.com.br\/novo\/wp-content\/uploads\/2022\/10\/meioambiente.jpg\" class=\"attachment-large size-large\" alt=\"\" decoding=\"async\" loading=\"lazy\" srcset=\"https:\/\/hervas-pharmacia.com.br\/novo\/wp-content\/uploads\/2022\/10\/meioambiente.jpg 929w, https:\/\/hervas-pharmacia.com.br\/novo\/wp-content\/uploads\/2022\/10\/meioambiente-800x116.jpg 800w, https:\/\/hervas-pharmacia.com.br\/novo\/wp-content\/uploads\/2022\/10\/meioambiente-768x112.jpg 768w, https:\/\/hervas-pharmacia.com.br\/novo\/wp-content\/uploads\/2022\/10\/meioambiente-600x87.jpg 600w\" sizes=\"(max-width: 929px) 100vw, 929px\" \/>\t\t\t\t\t\t\n\t\t\t\t\t<\/div>\n\t\t\t\t\t\t\t\t\n<style>\n#image_904282804 {\n  width: 100%;\n}\n<\/style>\n\t<\/div>\n\t\n<h1>Meio Ambiente e Responsabilidade Social<\/h1>\n<p>Sabemos que cuidar do planeta \u00e9 responsabilidade de cada um de n\u00f3s, por isso, mantemos controle de todo o ar interno, controle de todos os res\u00edduos provenientes da fabrica\u00e7\u00e3o de nossos medicamentos manipulados e possu\u00edmos um programa de reciclagem de todo o papel consumido em nossas unidades. Al\u00e9m disso, promovemos a\u00e7\u00f5es efetivas de aux\u00edlio a entidades filantr\u00f3picas diversas.<\/p>\n<p>No cumprimento da nossa miss\u00e3o, promovemos palestras t\u00e9cnicas \u00e0 classe m\u00e9dica, oferecendo op\u00e7\u00f5es magistrais, solu\u00e7\u00f5es farmacot\u00e9cnicas e sugest\u00f5es que atendam as necessidades terap\u00eauticas. O p\u00fablico em geral, tamb\u00e9m \u00e9 beneficiado com palestras orientativas, sobretudo aos grupos da terceira idade, permitindo maior aproxima\u00e7\u00e3o do profissional farmac\u00eautico \u00e0 sociedade.<\/p>\n\t\t<\/div>\n\t\t\t\t\t<\/div>\n\n\t\n<\/div>\n","protected":false},"excerpt":{"rendered":"","protected":false},"author":1,"featured_media":0,"parent":0,"menu_order":0,"comment_status":"closed","ping_status":"closed","template":"","meta":[],"_links":{"self":[{"href":"https:\/\/hervas-pharmacia.com.br\/novo\/wp-json\/wp\/v2\/pages\/1023"}],"collection":[{"href":"https:\/\/hervas-pharmacia.com.br\/novo\/wp-json\/wp\/v2\/pages"}],"about":[{"href":"https:\/\/hervas-pharmacia.com.br\/novo\/wp-json\/wp\/v2\/types\/page"}],"author":[{"embeddable":true,"href":"https:\/\/hervas-pharmacia.com.br\/novo\/wp-json\/wp\/v2\/users\/1"}],"replies":[{"embeddable":true,"href":"https:\/\/hervas-pharmacia.com.br\/novo\/wp-json\/wp\/v2\/comments?post=1023"}],"version-history":[{"count":3,"href":"https:\/\/hervas-pharmacia.com.br\/novo\/wp-json\/wp\/v2\/pages\/1023\/revisions"}],"predecessor-version":[{"id":1027,"href":"https:\/\/hervas-pharmacia.com.br\/novo\/wp-json\/wp\/v2\/pages\/1023\/revisions\/1027"}],"wp:attachment":[{"href":"https:\/\/hervas-pharmacia.com.br\/novo\/wp-json\/wp\/v2\/media?parent=1023"}],"curies":[{"name":"wp","href":"https:\/\/api.w.org\/{rel}","templated":true}]}}