{"id":443,"date":"2020-07-11T18:56:50","date_gmt":"2020-07-11T21:56:50","guid":{"rendered":"https:\/\/hervas-pharmacia.com.br\/novo\/?page_id=443"},"modified":"2023-09-25T12:08:41","modified_gmt":"2023-09-25T15:08:41","slug":"empresa","status":"publish","type":"page","link":"https:\/\/hervas-pharmacia.com.br\/novo\/empresa\/","title":{"rendered":"Empresa"},"content":{"rendered":"<div class=\"row\"  id=\"row-2021754547\">\n\n\t<div id=\"col-1849139581\" class=\"col small-12 large-12\"  >\n\t\t\t\t<div class=\"col-inner\"  >\n\t\t\t\n\t\t\t\n\t<div class=\"img has-hover x md-x lg-x y md-y lg-y\" id=\"image_1971601351\">\n\t\t\t\t\t\t\t\t<div class=\"img-inner dark\" >\n\t\t\t<img width=\"929\" height=\"265\" src=\"https:\/\/hervas-pharmacia.com.br\/novo\/wp-content\/uploads\/2022\/09\/sobre.jpg\" class=\"attachment-large size-large\" alt=\"\" decoding=\"async\" loading=\"lazy\" srcset=\"https:\/\/hervas-pharmacia.com.br\/novo\/wp-content\/uploads\/2022\/09\/sobre.jpg 929w, https:\/\/hervas-pharmacia.com.br\/novo\/wp-content\/uploads\/2022\/09\/sobre-800x228.jpg 800w, https:\/\/hervas-pharmacia.com.br\/novo\/wp-content\/uploads\/2022\/09\/sobre-768x219.jpg 768w, https:\/\/hervas-pharmacia.com.br\/novo\/wp-content\/uploads\/2022\/09\/sobre-600x171.jpg 600w\" sizes=\"(max-width: 929px) 100vw, 929px\" \/>\t\t\t\t\t\t\n\t\t\t\t\t<\/div>\n\t\t\t\t\t\t\t\t\n<style>\n#image_1971601351 {\n  width: 100%;\n}\n<\/style>\n\t<\/div>\n\t\n<h4>SOBRE<\/h4>\n<p>Acreditamos que o nosso crescimento, ser\u00e1 um reflexo da nossa conduta \u00e9tica, integridade e transpar\u00eancia, da melhoria cont\u00ednua da qualidade de nossos produtos e servi\u00e7os e do respeito aos nossos clientes, parceiros e colaboradores.<\/p>\n<h4>Nossa Miss\u00e3o<\/h4>\n<p><em>\u2022 Junto \u00e0 Classe M\u00e9dica<\/em><br \/>\nElaborar medicamentos de indubit\u00e1vel qualidade, seguran\u00e7a e confiabilidade, al\u00e9m de gerar e difundir informa\u00e7\u00f5es t\u00e9cnicas e cient\u00edficas no sentido de atender \u00e0s necessidades do profissional.<\/p>\n<p><em>\u2022 Junto ao Cliente<\/em><br \/>\nBuscar continuamente a excel\u00eancia no que tange \u00e0 qualidade do atendimento e a satisfa\u00e7\u00e3o dos nossos clientes; orientar sobre os cuidados especiais, esclarecimentos de d\u00favidas e reais vantagens do medicamento manipulado.<\/p>\n<h4>Nossos Laborat\u00f3rios<\/h4>\n\n  \n    <div class=\"row large-columns-5 medium-columns-3 small-columns-2 row-xsmall\">\n  <div class=\"gallery-col col\" >\n          <div class=\"col-inner\">\n            <a class=\"image-lightbox lightbox-gallery\" href=\"https:\/\/hervas-pharmacia.com.br\/novo\/wp-content\/uploads\/2022\/09\/empresa01.jpg\" title=\"\">            <div class=\"box has-hover gallery-box box-overlay dark\">\n              <div class=\"box-image\" >\n                <img width=\"600\" height=\"400\" src=\"https:\/\/hervas-pharmacia.com.br\/novo\/wp-content\/uploads\/2022\/09\/empresa01.jpg\" class=\"attachment-medium size-medium\" alt=\"\" decoding=\"async\" loading=\"lazy\" ids=\"947,948,949,950,951\" col_spacing=\"xsmall\" columns=\"5\" \/>                                  <div class=\"overlay fill\"\n                      style=\"background-color: rgba(0,0,0,.15)\">\n                  <\/div>\n                                                              <\/div>\n              <div class=\"box-text text-left\" >\n                 <p><\/p>\n              <\/div>\n            <\/div>\n            <\/a>          <\/div>\n         <\/div><div class=\"gallery-col col\" >\n          <div class=\"col-inner\">\n            <a class=\"image-lightbox lightbox-gallery\" href=\"https:\/\/hervas-pharmacia.com.br\/novo\/wp-content\/uploads\/2022\/09\/empresa02.jpg\" title=\"\">            <div class=\"box has-hover gallery-box box-overlay dark\">\n              <div class=\"box-image\" >\n                <img width=\"267\" height=\"400\" src=\"https:\/\/hervas-pharmacia.com.br\/novo\/wp-content\/uploads\/2022\/09\/empresa02-267x400.jpg\" class=\"attachment-medium size-medium\" alt=\"\" decoding=\"async\" loading=\"lazy\" ids=\"947,948,949,950,951\" col_spacing=\"xsmall\" columns=\"5\" srcset=\"https:\/\/hervas-pharmacia.com.br\/novo\/wp-content\/uploads\/2022\/09\/empresa02-267x400.jpg 267w, https:\/\/hervas-pharmacia.com.br\/novo\/wp-content\/uploads\/2022\/09\/empresa02.jpg 400w\" sizes=\"(max-width: 267px) 100vw, 267px\" \/>                                  <div class=\"overlay fill\"\n                      style=\"background-color: rgba(0,0,0,.15)\">\n                  <\/div>\n                                                              <\/div>\n              <div class=\"box-text text-left\" >\n                 <p><\/p>\n              <\/div>\n            <\/div>\n            <\/a>          <\/div>\n         <\/div><div class=\"gallery-col col\" >\n          <div class=\"col-inner\">\n            <a class=\"image-lightbox lightbox-gallery\" href=\"https:\/\/hervas-pharmacia.com.br\/novo\/wp-content\/uploads\/2022\/09\/empresa03.jpg\" title=\"\">            <div class=\"box has-hover gallery-box box-overlay dark\">\n              <div class=\"box-image\" >\n                <img width=\"267\" height=\"400\" src=\"https:\/\/hervas-pharmacia.com.br\/novo\/wp-content\/uploads\/2022\/09\/empresa03-267x400.jpg\" class=\"attachment-medium size-medium\" alt=\"\" decoding=\"async\" loading=\"lazy\" ids=\"947,948,949,950,951\" col_spacing=\"xsmall\" columns=\"5\" srcset=\"https:\/\/hervas-pharmacia.com.br\/novo\/wp-content\/uploads\/2022\/09\/empresa03-267x400.jpg 267w, https:\/\/hervas-pharmacia.com.br\/novo\/wp-content\/uploads\/2022\/09\/empresa03.jpg 400w\" sizes=\"(max-width: 267px) 100vw, 267px\" \/>                                  <div class=\"overlay fill\"\n                      style=\"background-color: rgba(0,0,0,.15)\">\n                  <\/div>\n                                                              <\/div>\n              <div class=\"box-text text-left\" >\n                 <p><\/p>\n              <\/div>\n            <\/div>\n            <\/a>          <\/div>\n         <\/div><div class=\"gallery-col col\" >\n          <div class=\"col-inner\">\n            <a class=\"image-lightbox lightbox-gallery\" href=\"https:\/\/hervas-pharmacia.com.br\/novo\/wp-content\/uploads\/2022\/09\/empresa04.jpg\" title=\"\">            <div class=\"box has-hover gallery-box box-overlay dark\">\n              <div class=\"box-image\" >\n                <img width=\"600\" height=\"400\" src=\"https:\/\/hervas-pharmacia.com.br\/novo\/wp-content\/uploads\/2022\/09\/empresa04.jpg\" class=\"attachment-medium size-medium\" alt=\"\" decoding=\"async\" loading=\"lazy\" ids=\"947,948,949,950,951\" col_spacing=\"xsmall\" columns=\"5\" \/>                                  <div class=\"overlay fill\"\n                      style=\"background-color: rgba(0,0,0,.15)\">\n                  <\/div>\n                                                              <\/div>\n              <div class=\"box-text text-left\" >\n                 <p><\/p>\n              <\/div>\n            <\/div>\n            <\/a>          <\/div>\n         <\/div><div class=\"gallery-col col\" >\n          <div class=\"col-inner\">\n            <a class=\"image-lightbox lightbox-gallery\" href=\"https:\/\/hervas-pharmacia.com.br\/novo\/wp-content\/uploads\/2022\/09\/empresa05.jpg\" title=\"\">            <div class=\"box has-hover gallery-box box-overlay dark\">\n              <div class=\"box-image\" >\n                <img width=\"600\" height=\"400\" src=\"https:\/\/hervas-pharmacia.com.br\/novo\/wp-content\/uploads\/2022\/09\/empresa05.jpg\" class=\"attachment-medium size-medium\" alt=\"\" decoding=\"async\" loading=\"lazy\" ids=\"947,948,949,950,951\" col_spacing=\"xsmall\" columns=\"5\" \/>                                  <div class=\"overlay fill\"\n                      style=\"background-color: rgba(0,0,0,.15)\">\n                  <\/div>\n                                                              <\/div>\n              <div class=\"box-text text-left\" >\n                 <p><\/p>\n              <\/div>\n            <\/div>\n            <\/a>          <\/div>\n         <\/div><\/div>\n\t\t<\/div>\n\t\t\t\t\t<\/div>\n\n\t\n<\/div>\n<h4>Pol\u00edtica da qualidade<\/h4>\n<p>\u2022 Busca cont\u00ednua da excel\u00eancia para a satisfa\u00e7\u00e3o de nossos clientes;<br \/>\n\u2022 Valoriza\u00e7\u00e3o dos recursos humanos atrav\u00e9s de treinamentos inerentes ao Sistema de Gest\u00e3o da Qualidade e nos processos da organiza\u00e7\u00e3o;<br \/>\n\u2022 Investimento cont\u00ednuo em novas tecnologias e parcerias, visando o aperfei\u00e7oamento constante e integral.<\/p>\n","protected":false},"excerpt":{"rendered":"<p>Pol\u00edtica da qualidade \u2022 Busca cont\u00ednua da excel\u00eancia para a satisfa\u00e7\u00e3o de nossos clientes; \u2022 Valoriza\u00e7\u00e3o dos recursos humanos atrav\u00e9s de treinamentos inerentes ao Sistema de Gest\u00e3o da Qualidade e nos processos da organiza\u00e7\u00e3o; \u2022 Investimento cont\u00ednuo em novas tecnologias e parcerias, visando o aperfei\u00e7oamento constante e integral.<\/p>\n","protected":false},"author":1,"featured_media":0,"parent":0,"menu_order":0,"comment_status":"closed","ping_status":"closed","template":"","meta":[],"_links":{"self":[{"href":"https:\/\/hervas-pharmacia.com.br\/novo\/wp-json\/wp\/v2\/pages\/443"}],"collection":[{"href":"https:\/\/hervas-pharmacia.com.br\/novo\/wp-json\/wp\/v2\/pages"}],"about":[{"href":"https:\/\/hervas-pharmacia.com.br\/novo\/wp-json\/wp\/v2\/types\/page"}],"author":[{"embeddable":true,"href":"https:\/\/hervas-pharmacia.com.br\/novo\/wp-json\/wp\/v2\/users\/1"}],"replies":[{"embeddable":true,"href":"https:\/\/hervas-pharmacia.com.br\/novo\/wp-json\/wp\/v2\/comments?post=443"}],"version-history":[{"count":16,"href":"https:\/\/hervas-pharmacia.com.br\/novo\/wp-json\/wp\/v2\/pages\/443\/revisions"}],"predecessor-version":[{"id":1254,"href":"https:\/\/hervas-pharmacia.com.br\/novo\/wp-json\/wp\/v2\/pages\/443\/revisions\/1254"}],"wp:attachment":[{"href":"https:\/\/hervas-pharmacia.com.br\/novo\/wp-json\/wp\/v2\/media?parent=443"}],"curies":[{"name":"wp","href":"https:\/\/api.w.org\/{rel}","templated":true}]}}