{"id":966,"date":"2022-10-04T16:56:44","date_gmt":"2022-10-04T19:56:44","guid":{"rendered":"https:\/\/hervas-pharmacia.com.br\/novo\/?page_id=966"},"modified":"2023-02-12T19:24:05","modified_gmt":"2023-02-12T22:24:05","slug":"area-medica","status":"publish","type":"page","link":"https:\/\/hervas-pharmacia.com.br\/novo\/area-medica\/","title":{"rendered":"\u00c1rea M\u00e9dica"},"content":{"rendered":"<h4><a href=\"http:\/\/hervas-pharmacia.com.br\/extranet\/wp-login.php?redirect_to=http%3A%2F%2Fhervas-pharmacia.com.br%2Fextranet%2F&amp;reauth=1\" target=\"_blank\" rel=\"noopener\">VISITE A SE\u00c7\u00c3O \u00c1REA MEDICA \u2013 CLIQUE AQUI<\/a><\/h4>\n<p>OU\u00a0<a href=\"https:\/\/hervas-pharmacia.com.br\/site\/fazer-meu-cadastro-area-medica\/\" target=\"_blank\" rel=\"noopener\">CLIQUE AQUI PARA FAZER O CADASTRO<\/a><\/p>\n<p><a href=\"https:\/\/hervas-pharmacia.com.br\/novo\/fazer-meu-cadastro-area-medica\/\" target=\"_blank\" rel=\"noopener\"><strong>CLIQUE AQUI \u2013 LEIA NOSSO COMP\u00caNDIO\u00a0 PARA M\u00c9DICOS<\/strong><\/a><\/p>\n<p><a href=\"http:\/\/issuu.com\/herbas\/docs\/hervas_compendio_2014\/0\" target=\"_blank\" rel=\"noopener\"><img decoding=\"async\" loading=\"lazy\" class=\"alignnone size-medium wp-image-967\" src=\"https:\/\/hervas-pharmacia.com.br\/novo\/wp-content\/uploads\/2022\/10\/compendio_2014-560x400.jpg\" alt=\"\" width=\"560\" height=\"400\" srcset=\"https:\/\/hervas-pharmacia.com.br\/novo\/wp-content\/uploads\/2022\/10\/compendio_2014-560x400.jpg 560w, https:\/\/hervas-pharmacia.com.br\/novo\/wp-content\/uploads\/2022\/10\/compendio_2014-600x429.jpg 600w, https:\/\/hervas-pharmacia.com.br\/novo\/wp-content\/uploads\/2022\/10\/compendio_2014.jpg 606w\" sizes=\"(max-width: 560px) 100vw, 560px\" \/><\/a><\/p>\n<p><a href=\"http:\/\/issuu.com\/herbas\/docs\/folder_shake_2013\/0\" target=\"_blank\" rel=\"noopener\"><strong>CLIQUE AQUI \u2013 LEIA NOSSO CATALOGO SHAKE<\/strong><\/a><\/p>\n<p><a href=\"http:\/\/issuu.com\/herbas\/docs\/folder_shake_2013\/0\" target=\"_blank\" rel=\"noopener\"><img decoding=\"async\" loading=\"lazy\" class=\"alignnone size-medium wp-image-968\" src=\"https:\/\/hervas-pharmacia.com.br\/novo\/wp-content\/uploads\/2022\/10\/catalogo-shake-559x400.jpg\" alt=\"\" width=\"559\" height=\"400\" srcset=\"https:\/\/hervas-pharmacia.com.br\/novo\/wp-content\/uploads\/2022\/10\/catalogo-shake-559x400.jpg 559w, https:\/\/hervas-pharmacia.com.br\/novo\/wp-content\/uploads\/2022\/10\/catalogo-shake-600x430.jpg 600w, https:\/\/hervas-pharmacia.com.br\/novo\/wp-content\/uploads\/2022\/10\/catalogo-shake.jpg 620w\" sizes=\"(max-width: 559px) 100vw, 559px\" \/><\/a><\/p>\n<p><a href=\"https:\/\/hervas-pharmacia.com.br\/site\/fazer-meu-cadastro-area-medica\/\" target=\"_blank\" rel=\"noopener\">SEJA NOSSO PARCEIRO<\/a><\/p>\n<p><a href=\"https:\/\/hervas-pharmacia.com.br\/site\/fazer-meu-cadastro-area-medica\/\" target=\"_blank\" rel=\"noopener\"><img decoding=\"async\" loading=\"lazy\" class=\"alignnone size-full wp-image-969\" src=\"https:\/\/hervas-pharmacia.com.br\/novo\/wp-content\/uploads\/2022\/10\/parceiro.jpg\" alt=\"\" width=\"485\" height=\"280\" \/><\/a><\/p>\n\n<div class=\"wpcf7 no-js\" id=\"wpcf7-f964-o1\" lang=\"pt-BR\" dir=\"ltr\">\n<div class=\"screen-reader-response\"><p role=\"status\" aria-live=\"polite\" aria-atomic=\"true\"><\/p> <ul><\/ul><\/div>\n<form action=\"\/novo\/wp-json\/wp\/v2\/pages\/966#wpcf7-f964-o1\" method=\"post\" class=\"wpcf7-form init\" aria-label=\"Formul\u00e1rios de contato\" novalidate=\"novalidate\" data-status=\"init\">\n<div style=\"display: none;\">\n<input type=\"hidden\" name=\"_wpcf7\" value=\"964\" \/>\n<input type=\"hidden\" name=\"_wpcf7_version\" value=\"5.7.3\" \/>\n<input type=\"hidden\" name=\"_wpcf7_locale\" value=\"pt_BR\" \/>\n<input type=\"hidden\" name=\"_wpcf7_unit_tag\" value=\"wpcf7-f964-o1\" \/>\n<input type=\"hidden\" name=\"_wpcf7_container_post\" value=\"0\" \/>\n<input type=\"hidden\" name=\"_wpcf7_posted_data_hash\" value=\"\" \/>\n<\/div>\n<p>Seu Nome (requerido)\n<\/p>\n<p><span class=\"wpcf7-form-control-wrap\" data-name=\"nome\"><input size=\"40\" class=\"wpcf7-form-control wpcf7-text\" aria-invalid=\"false\" value=\"\" type=\"text\" name=\"nome\" \/><\/span>\n<\/p>\n<p>Telefone (requerido)\n<\/p>\n<p><span class=\"wpcf7-form-control-wrap\" data-name=\"Telefone\"><input size=\"40\" class=\"wpcf7-form-control wpcf7-text wpcf7-validates-as-required\" aria-required=\"true\" aria-invalid=\"false\" value=\"\" type=\"text\" name=\"Telefone\" \/><\/span>\n<\/p>\n<p>Especialidade (requerido)\n<\/p>\n<p><span class=\"wpcf7-form-control-wrap\" data-name=\"Especialidade\"><input size=\"40\" class=\"wpcf7-form-control wpcf7-text wpcf7-validates-as-required\" aria-required=\"true\" aria-invalid=\"false\" value=\"\" type=\"text\" name=\"Especialidade\" \/><\/span>\n<\/p>\n<p>Seu Email (requerido)\n<\/p>\n<p><span class=\"wpcf7-form-control-wrap\" data-name=\"email\"><input size=\"40\" class=\"wpcf7-form-control wpcf7-text wpcf7-email wpcf7-validates-as-required wpcf7-validates-as-email\" aria-required=\"true\" aria-invalid=\"false\" value=\"\" type=\"email\" name=\"email\" \/><\/span>\n<\/p>\n<p>Assunto\n<\/p>\n<p><span class=\"wpcf7-form-control-wrap\" data-name=\"your-subject\"><input size=\"40\" class=\"wpcf7-form-control wpcf7-text\" aria-invalid=\"false\" value=\"\" type=\"text\" name=\"your-subject\" \/><\/span>\n<\/p>\n<p>Sua Mensagem\n<\/p>\n<p><span class=\"wpcf7-form-control-wrap\" data-name=\"your-message\"><textarea cols=\"40\" rows=\"10\" class=\"wpcf7-form-control wpcf7-textarea\" aria-invalid=\"false\" name=\"your-message\"><\/textarea><\/span>\n<\/p>\n<p><input type=\"hidden\" name=\"_wpcf7_captcha_challenge_captcha-672\" value=\"857426814\" \/><img class=\"wpcf7-form-control wpcf7-captchac wpcf7-captcha-captcha-672\" width=\"72\" height=\"24\" alt=\"captcha\" src=\"https:\/\/hervas-pharmacia.com.br\/novo\/wp-content\/uploads\/wpcf7_captcha\/857426814.png\" \/><br \/>\nDigite as letras<br \/>\n<span class=\"wpcf7-form-control-wrap\" data-name=\"captcha-672\"><input size=\"40\" class=\"wpcf7-form-control wpcf7-captchar\" autocomplete=\"off\" aria-invalid=\"false\" value=\"\" type=\"text\" name=\"captcha-672\" \/><\/span>\n<\/p>\n<p><input class=\"wpcf7-form-control has-spinner wpcf7-submit\" type=\"submit\" value=\"Enviar mensagem\" \/>\n<\/p><div class=\"wpcf7-response-output\" aria-hidden=\"true\"><\/div>\n<\/form>\n<\/div>\n\n","protected":false},"excerpt":{"rendered":"<p>VISITE A SE\u00c7\u00c3O \u00c1REA MEDICA \u2013 CLIQUE AQUI OU\u00a0CLIQUE AQUI PARA FAZER O CADASTRO CLIQUE AQUI \u2013 LEIA NOSSO COMP\u00caNDIO\u00a0 PARA M\u00c9DICOS CLIQUE AQUI \u2013 LEIA NOSSO CATALOGO SHAKE SEJA NOSSO PARCEIRO<\/p>\n","protected":false},"author":1,"featured_media":0,"parent":0,"menu_order":0,"comment_status":"closed","ping_status":"closed","template":"","meta":[],"_links":{"self":[{"href":"https:\/\/hervas-pharmacia.com.br\/novo\/wp-json\/wp\/v2\/pages\/966"}],"collection":[{"href":"https:\/\/hervas-pharmacia.com.br\/novo\/wp-json\/wp\/v2\/pages"}],"about":[{"href":"https:\/\/hervas-pharmacia.com.br\/novo\/wp-json\/wp\/v2\/types\/page"}],"author":[{"embeddable":true,"href":"https:\/\/hervas-pharmacia.com.br\/novo\/wp-json\/wp\/v2\/users\/1"}],"replies":[{"embeddable":true,"href":"https:\/\/hervas-pharmacia.com.br\/novo\/wp-json\/wp\/v2\/comments?post=966"}],"version-history":[{"count":4,"href":"https:\/\/hervas-pharmacia.com.br\/novo\/wp-json\/wp\/v2\/pages\/966\/revisions"}],"predecessor-version":[{"id":1211,"href":"https:\/\/hervas-pharmacia.com.br\/novo\/wp-json\/wp\/v2\/pages\/966\/revisions\/1211"}],"wp:attachment":[{"href":"https:\/\/hervas-pharmacia.com.br\/novo\/wp-json\/wp\/v2\/media?parent=966"}],"curies":[{"name":"wp","href":"https:\/\/api.w.org\/{rel}","templated":true}]}}