{"id":971,"date":"2022-10-04T17:12:44","date_gmt":"2022-10-04T20:12:44","guid":{"rendered":"https:\/\/hervas-pharmacia.com.br\/novo\/?page_id=971"},"modified":"2022-10-04T17:14:29","modified_gmt":"2022-10-04T20:14:29","slug":"orcamento","status":"publish","type":"page","link":"https:\/\/hervas-pharmacia.com.br\/novo\/orcamento\/","title":{"rendered":"Or\u00e7amento"},"content":{"rendered":"<p>Envie seu or\u00e7amento pelo formul\u00e1rio abaixo:<\/p>\n<p>Or\u00e7amento:<\/p>\n\n<div class=\"wpcf7 no-js\" id=\"wpcf7-f965-o1\" lang=\"pt-BR\" dir=\"ltr\">\n<div class=\"screen-reader-response\"><p role=\"status\" aria-live=\"polite\" aria-atomic=\"true\"><\/p> <ul><\/ul><\/div>\n<form action=\"\/novo\/wp-json\/wp\/v2\/pages\/971#wpcf7-f965-o1\" method=\"post\" class=\"wpcf7-form init\" aria-label=\"Formul\u00e1rios de contato\" enctype=\"multipart\/form-data\" novalidate=\"novalidate\" data-status=\"init\">\n<div style=\"display: none;\">\n<input type=\"hidden\" name=\"_wpcf7\" value=\"965\" \/>\n<input type=\"hidden\" name=\"_wpcf7_version\" value=\"5.7.3\" \/>\n<input type=\"hidden\" name=\"_wpcf7_locale\" value=\"pt_BR\" \/>\n<input type=\"hidden\" name=\"_wpcf7_unit_tag\" value=\"wpcf7-f965-o1\" \/>\n<input type=\"hidden\" name=\"_wpcf7_container_post\" value=\"0\" \/>\n<input type=\"hidden\" name=\"_wpcf7_posted_data_hash\" value=\"\" \/>\n<\/div>\n<p>Nome\n<\/p>\n<p><span class=\"wpcf7-form-control-wrap\" data-name=\"your-name\"><input size=\"40\" class=\"wpcf7-form-control wpcf7-text wpcf7-validates-as-required\" aria-required=\"true\" aria-invalid=\"false\" value=\"\" type=\"text\" name=\"your-name\" \/><\/span>\n<\/p>\n<p>Endere\u00e7o completo\n<\/p>\n<p><span class=\"wpcf7-form-control-wrap\" data-name=\"Endereocompleto\"><input size=\"40\" class=\"wpcf7-form-control wpcf7-text\" aria-invalid=\"false\" value=\"\" type=\"text\" name=\"Endereocompleto\" \/><\/span>\n<\/p>\n<p>CEP\n<\/p>\n<p><span class=\"wpcf7-form-control-wrap\" data-name=\"cep\"><input size=\"40\" class=\"wpcf7-form-control wpcf7-text\" aria-invalid=\"false\" value=\"\" type=\"text\" name=\"cep\" \/><\/span>\n<\/p>\n<p>CPF\n<\/p>\n<p><span class=\"wpcf7-form-control-wrap\" data-name=\"CPF\"><input size=\"40\" class=\"wpcf7-form-control wpcf7-text\" aria-invalid=\"false\" value=\"\" type=\"text\" name=\"CPF\" \/><\/span>\n<\/p>\n<p>RG\n<\/p>\n<p><span class=\"wpcf7-form-control-wrap\" data-name=\"rg\"><input size=\"40\" class=\"wpcf7-form-control wpcf7-text\" aria-invalid=\"false\" value=\"\" type=\"text\" name=\"rg\" \/><\/span>\n<\/p>\n<p>Data de Nascimento\n<\/p>\n<p><span class=\"wpcf7-form-control-wrap\" data-name=\"Nascimento\"><input size=\"40\" class=\"wpcf7-form-control wpcf7-text\" aria-invalid=\"false\" value=\"\" type=\"text\" name=\"Nascimento\" \/><\/span>\n<\/p>\n<p>Telefone\n<\/p>\n<p><span class=\"wpcf7-form-control-wrap\" data-name=\"Telefone\"><input size=\"40\" class=\"wpcf7-form-control wpcf7-text\" aria-invalid=\"false\" value=\"\" type=\"text\" name=\"Telefone\" \/><\/span>\n<\/p>\n<p>Celular\n<\/p>\n<p><span class=\"wpcf7-form-control-wrap\" data-name=\"Celular\"><input size=\"40\" class=\"wpcf7-form-control wpcf7-text\" aria-invalid=\"false\" value=\"\" type=\"text\" name=\"Celular\" \/><\/span>\n<\/p>\n<p>Seu Email (requerido)\n<\/p>\n<p><span class=\"wpcf7-form-control-wrap\" data-name=\"SeuEmail\"><input size=\"40\" class=\"wpcf7-form-control wpcf7-text wpcf7-email wpcf7-validates-as-required wpcf7-validates-as-email\" aria-required=\"true\" aria-invalid=\"false\" value=\"\" type=\"email\" name=\"SeuEmail\" \/><\/span>\n<\/p>\n<p>Anexar arquivo\n<\/p>\n<p><span class=\"wpcf7-form-control-wrap\" data-name=\"arquivo\"><input size=\"40\" class=\"wpcf7-form-control wpcf7-file\" accept=\"audio\/*,video\/*,image\/*\" aria-invalid=\"false\" type=\"file\" name=\"arquivo\" \/><\/span>\n<\/p>\n<p>Assunto\n<\/p>\n<p><span class=\"wpcf7-form-control-wrap\" data-name=\"your-subject\"><input size=\"40\" class=\"wpcf7-form-control wpcf7-text\" aria-invalid=\"false\" value=\"\" type=\"text\" name=\"your-subject\" \/><\/span>\n<\/p>\n<p>Sua Mensagem\n<\/p>\n<p><span class=\"wpcf7-form-control-wrap\" data-name=\"your-message\"><textarea cols=\"40\" rows=\"10\" class=\"wpcf7-form-control wpcf7-textarea\" aria-invalid=\"false\" name=\"your-message\"><\/textarea><\/span>\n<\/p>\n<p><input type=\"hidden\" name=\"_wpcf7_captcha_challenge_captcha-544\" value=\"3225006702\" \/><img class=\"wpcf7-form-control wpcf7-captchac wpcf7-captcha-captcha-544\" width=\"72\" height=\"24\" alt=\"captcha\" src=\"https:\/\/hervas-pharmacia.com.br\/novo\/wp-content\/uploads\/wpcf7_captcha\/3225006702.png\" \/><br \/>\nDigite as letras<br \/>\n<span class=\"wpcf7-form-control-wrap\" data-name=\"captcha-544\"><input size=\"40\" class=\"wpcf7-form-control wpcf7-captchar\" autocomplete=\"off\" aria-invalid=\"false\" value=\"\" type=\"text\" name=\"captcha-544\" \/><\/span>\n<\/p>\n<p><input class=\"wpcf7-form-control has-spinner wpcf7-submit\" type=\"submit\" value=\"Enviar Or\u00e7amento\" \/>\n<\/p><div class=\"wpcf7-response-output\" aria-hidden=\"true\"><\/div>\n<\/form>\n<\/div>\n\n","protected":false},"excerpt":{"rendered":"<p>Envie seu or\u00e7amento pelo formul\u00e1rio abaixo: Or\u00e7amento:<\/p>\n","protected":false},"author":1,"featured_media":0,"parent":0,"menu_order":0,"comment_status":"closed","ping_status":"closed","template":"","meta":[],"_links":{"self":[{"href":"https:\/\/hervas-pharmacia.com.br\/novo\/wp-json\/wp\/v2\/pages\/971"}],"collection":[{"href":"https:\/\/hervas-pharmacia.com.br\/novo\/wp-json\/wp\/v2\/pages"}],"about":[{"href":"https:\/\/hervas-pharmacia.com.br\/novo\/wp-json\/wp\/v2\/types\/page"}],"author":[{"embeddable":true,"href":"https:\/\/hervas-pharmacia.com.br\/novo\/wp-json\/wp\/v2\/users\/1"}],"replies":[{"embeddable":true,"href":"https:\/\/hervas-pharmacia.com.br\/novo\/wp-json\/wp\/v2\/comments?post=971"}],"version-history":[{"count":5,"href":"https:\/\/hervas-pharmacia.com.br\/novo\/wp-json\/wp\/v2\/pages\/971\/revisions"}],"predecessor-version":[{"id":973,"href":"https:\/\/hervas-pharmacia.com.br\/novo\/wp-json\/wp\/v2\/pages\/971\/revisions\/973"}],"wp:attachment":[{"href":"https:\/\/hervas-pharmacia.com.br\/novo\/wp-json\/wp\/v2\/media?parent=971"}],"curies":[{"name":"wp","href":"https:\/\/api.w.org\/{rel}","templated":true}]}}