{"id":980,"date":"2022-10-09T19:13:37","date_gmt":"2022-10-09T22:13:37","guid":{"rendered":"https:\/\/hervas-pharmacia.com.br\/novo\/?page_id=980"},"modified":"2022-10-09T19:20:31","modified_gmt":"2022-10-09T22:20:31","slug":"servicos","status":"publish","type":"page","link":"https:\/\/hervas-pharmacia.com.br\/novo\/servicos\/","title":{"rendered":"Servi\u00e7os"},"content":{"rendered":"<div class=\"row\"  id=\"row-824416814\">\n\n\t<div id=\"col-1784975597\" class=\"col small-12 large-12\"  >\n\t\t\t\t<div class=\"col-inner\"  >\n\t\t\t\n\t\t\t\n\t<div class=\"img has-hover x md-x lg-x y md-y lg-y\" id=\"image_1704036160\">\n\t\t\t\t\t\t\t\t<div class=\"img-inner dark\" >\n\t\t\t<img width=\"700\" height=\"200\" src=\"https:\/\/hervas-pharmacia.com.br\/novo\/wp-content\/uploads\/2022\/10\/servicos.jpg\" class=\"attachment-large size-large\" alt=\"\" decoding=\"async\" loading=\"lazy\" srcset=\"https:\/\/hervas-pharmacia.com.br\/novo\/wp-content\/uploads\/2022\/10\/servicos.jpg 700w, https:\/\/hervas-pharmacia.com.br\/novo\/wp-content\/uploads\/2022\/10\/servicos-600x171.jpg 600w\" sizes=\"(max-width: 700px) 100vw, 700px\" \/>\t\t\t\t\t\t\n\t\t\t\t\t<\/div>\n\t\t\t\t\t\t\t\t\n<style>\n#image_1704036160 {\n  width: 100%;\n}\n<\/style>\n\t<\/div>\n\t\n<p>O constante aprimoramento t\u00e9cnico de toda a equipe, aliado \u00e0 estrutura laboratorial, garantem aos processos de fabrica\u00e7\u00e3o de f\u00f3rmulas magistrais e aos profissionais envolvidos, total seguran\u00e7a e qualidade.<\/p>\n<p>Trabalho em equipe, alto grau de comprometimento e conscientiza\u00e7\u00e3o dos valores e miss\u00e3o da empresa, possibilitam aos profissionais, excelentes condi\u00e7\u00f5es de trabalho e aos clientes, medicamentos de alt\u00edssima qualidade e seguran\u00e7a.<\/p>\n<h4><a href=\"http:\/\/hervas-pharmacia.com.br\/site\/manipulacao\/\">Manipula\u00e7\u00e3o<\/a><\/h4>\n<h4><a href=\"http:\/\/hervas-pharmacia.com.br\/site\/homeopatia\/\">Homeopatia<\/a><\/h4>\n<h4><a href=\"http:\/\/hervas-pharmacia.com.br\/site\/cosmeticos\/\">Cosm\u00e9ticos<\/a><\/h4>\n<h4><a href=\"http:\/\/hervas-pharmacia.com.br\/site\/fitoterapicos\/\">Fitoter\u00e1picos<\/a><\/h4>\n\t\t<\/div>\n\t\t\t\t\t<\/div>\n\n\t\n<\/div>\n","protected":false},"excerpt":{"rendered":"","protected":false},"author":1,"featured_media":0,"parent":0,"menu_order":0,"comment_status":"closed","ping_status":"closed","template":"","meta":[],"_links":{"self":[{"href":"https:\/\/hervas-pharmacia.com.br\/novo\/wp-json\/wp\/v2\/pages\/980"}],"collection":[{"href":"https:\/\/hervas-pharmacia.com.br\/novo\/wp-json\/wp\/v2\/pages"}],"about":[{"href":"https:\/\/hervas-pharmacia.com.br\/novo\/wp-json\/wp\/v2\/types\/page"}],"author":[{"embeddable":true,"href":"https:\/\/hervas-pharmacia.com.br\/novo\/wp-json\/wp\/v2\/users\/1"}],"replies":[{"embeddable":true,"href":"https:\/\/hervas-pharmacia.com.br\/novo\/wp-json\/wp\/v2\/comments?post=980"}],"version-history":[{"count":3,"href":"https:\/\/hervas-pharmacia.com.br\/novo\/wp-json\/wp\/v2\/pages\/980\/revisions"}],"predecessor-version":[{"id":985,"href":"https:\/\/hervas-pharmacia.com.br\/novo\/wp-json\/wp\/v2\/pages\/980\/revisions\/985"}],"wp:attachment":[{"href":"https:\/\/hervas-pharmacia.com.br\/novo\/wp-json\/wp\/v2\/media?parent=980"}],"curies":[{"name":"wp","href":"https:\/\/api.w.org\/{rel}","templated":true}]}}