{"id":987,"date":"2022-10-09T19:28:44","date_gmt":"2022-10-09T22:28:44","guid":{"rendered":"https:\/\/hervas-pharmacia.com.br\/novo\/?page_id=987"},"modified":"2022-10-09T19:30:34","modified_gmt":"2022-10-09T22:30:34","slug":"manipulacao","status":"publish","type":"page","link":"https:\/\/hervas-pharmacia.com.br\/novo\/manipulacao\/","title":{"rendered":"Manipula\u00e7\u00e3o"},"content":{"rendered":"<div class=\"row\"  id=\"row-60103779\">\n\n\t<div id=\"col-707708090\" class=\"col small-12 large-12\"  >\n\t\t\t\t<div class=\"col-inner\"  >\n\t\t\t\n\t\t\t\n\t<div class=\"img has-hover x md-x lg-x y md-y lg-y\" id=\"image_1409604025\">\n\t\t\t\t\t\t\t\t<div class=\"img-inner dark\" >\n\t\t\t<img width=\"700\" height=\"200\" src=\"https:\/\/hervas-pharmacia.com.br\/novo\/wp-content\/uploads\/2022\/10\/manipulacao.jpg\" class=\"attachment-large size-large\" alt=\"\" decoding=\"async\" loading=\"lazy\" srcset=\"https:\/\/hervas-pharmacia.com.br\/novo\/wp-content\/uploads\/2022\/10\/manipulacao.jpg 700w, https:\/\/hervas-pharmacia.com.br\/novo\/wp-content\/uploads\/2022\/10\/manipulacao-600x171.jpg 600w\" sizes=\"(max-width: 700px) 100vw, 700px\" \/>\t\t\t\t\t\t\n\t\t\t\t\t<\/div>\n\t\t\t\t\t\t\t\t\n<style>\n#image_1409604025 {\n  width: 100%;\n}\n<\/style>\n\t<\/div>\n\t\n<h1>Manipula\u00e7\u00e3o<\/h1>\n<p>Prepara\u00e7\u00e3o de f\u00f3rmulas magistrais (c\u00e1psulas, l\u00edquidos, s\u00f3lidos, etc.) mediante receitu\u00e1rio de profissionais habilitados, com a m\u00e1xima seguran\u00e7a e confiabilidade. Todos os processos s\u00e3o monitorados por farmac\u00eauticos, garantindo os mais rigorosos crit\u00e9rios na manipula\u00e7\u00e3o de medicamentos.<\/p>\n\t\t<\/div>\n\t\t\t\t\t<\/div>\n\n\t\n<\/div>\n","protected":false},"excerpt":{"rendered":"","protected":false},"author":1,"featured_media":0,"parent":0,"menu_order":0,"comment_status":"closed","ping_status":"closed","template":"","meta":[],"_links":{"self":[{"href":"https:\/\/hervas-pharmacia.com.br\/novo\/wp-json\/wp\/v2\/pages\/987"}],"collection":[{"href":"https:\/\/hervas-pharmacia.com.br\/novo\/wp-json\/wp\/v2\/pages"}],"about":[{"href":"https:\/\/hervas-pharmacia.com.br\/novo\/wp-json\/wp\/v2\/types\/page"}],"author":[{"embeddable":true,"href":"https:\/\/hervas-pharmacia.com.br\/novo\/wp-json\/wp\/v2\/users\/1"}],"replies":[{"embeddable":true,"href":"https:\/\/hervas-pharmacia.com.br\/novo\/wp-json\/wp\/v2\/comments?post=987"}],"version-history":[{"count":2,"href":"https:\/\/hervas-pharmacia.com.br\/novo\/wp-json\/wp\/v2\/pages\/987\/revisions"}],"predecessor-version":[{"id":990,"href":"https:\/\/hervas-pharmacia.com.br\/novo\/wp-json\/wp\/v2\/pages\/987\/revisions\/990"}],"wp:attachment":[{"href":"https:\/\/hervas-pharmacia.com.br\/novo\/wp-json\/wp\/v2\/media?parent=987"}],"curies":[{"name":"wp","href":"https:\/\/api.w.org\/{rel}","templated":true}]}}