{"id":992,"date":"2022-10-09T19:33:16","date_gmt":"2022-10-09T22:33:16","guid":{"rendered":"https:\/\/hervas-pharmacia.com.br\/novo\/?page_id=992"},"modified":"2022-10-09T19:35:35","modified_gmt":"2022-10-09T22:35:35","slug":"homeopatia","status":"publish","type":"page","link":"https:\/\/hervas-pharmacia.com.br\/novo\/homeopatia\/","title":{"rendered":"Homeopatia"},"content":{"rendered":"<div class=\"row\"  id=\"row-78665292\">\n\n\t<div id=\"col-1136669612\" class=\"col small-12 large-12\"  >\n\t\t\t\t<div class=\"col-inner\"  >\n\t\t\t\n\t\t\t\n\t<div class=\"img has-hover x md-x lg-x y md-y lg-y\" id=\"image_2029542763\">\n\t\t\t\t\t\t\t\t<div class=\"img-inner dark\" >\n\t\t\t<img width=\"700\" height=\"200\" src=\"https:\/\/hervas-pharmacia.com.br\/novo\/wp-content\/uploads\/2022\/10\/homeopatia.jpg\" class=\"attachment-large size-large\" alt=\"\" decoding=\"async\" loading=\"lazy\" srcset=\"https:\/\/hervas-pharmacia.com.br\/novo\/wp-content\/uploads\/2022\/10\/homeopatia.jpg 700w, https:\/\/hervas-pharmacia.com.br\/novo\/wp-content\/uploads\/2022\/10\/homeopatia-600x171.jpg 600w\" sizes=\"(max-width: 700px) 100vw, 700px\" \/>\t\t\t\t\t\t\n\t\t\t\t\t<\/div>\n\t\t\t\t\t\t\t\t\n<style>\n#image_2029542763 {\n  width: 100%;\n}\n<\/style>\n\t<\/div>\n\t\n<h1>Homeopatia<\/h1>\n<p>Laborat\u00f3rio independente destinado \u00e0 prepara\u00e7\u00e3o de medicamentos homeop\u00e1ticos, atrav\u00e9s da t\u00e9cnica de dinamiza\u00e7\u00e3o. Todos os processos s\u00e3o monitorados por farmac\u00eauticos garantindo a m\u00e1xima seguran\u00e7a e confiabilidade.<\/p>\n\t\t<\/div>\n\t\t\t\t\t<\/div>\n\n\t\n<\/div>\n","protected":false},"excerpt":{"rendered":"","protected":false},"author":1,"featured_media":0,"parent":0,"menu_order":0,"comment_status":"closed","ping_status":"closed","template":"","meta":[],"_links":{"self":[{"href":"https:\/\/hervas-pharmacia.com.br\/novo\/wp-json\/wp\/v2\/pages\/992"}],"collection":[{"href":"https:\/\/hervas-pharmacia.com.br\/novo\/wp-json\/wp\/v2\/pages"}],"about":[{"href":"https:\/\/hervas-pharmacia.com.br\/novo\/wp-json\/wp\/v2\/types\/page"}],"author":[{"embeddable":true,"href":"https:\/\/hervas-pharmacia.com.br\/novo\/wp-json\/wp\/v2\/users\/1"}],"replies":[{"embeddable":true,"href":"https:\/\/hervas-pharmacia.com.br\/novo\/wp-json\/wp\/v2\/comments?post=992"}],"version-history":[{"count":3,"href":"https:\/\/hervas-pharmacia.com.br\/novo\/wp-json\/wp\/v2\/pages\/992\/revisions"}],"predecessor-version":[{"id":996,"href":"https:\/\/hervas-pharmacia.com.br\/novo\/wp-json\/wp\/v2\/pages\/992\/revisions\/996"}],"wp:attachment":[{"href":"https:\/\/hervas-pharmacia.com.br\/novo\/wp-json\/wp\/v2\/media?parent=992"}],"curies":[{"name":"wp","href":"https:\/\/api.w.org\/{rel}","templated":true}]}}