{"id":998,"date":"2022-10-09T19:52:37","date_gmt":"2022-10-09T22:52:37","guid":{"rendered":"https:\/\/hervas-pharmacia.com.br\/novo\/?page_id=998"},"modified":"2022-10-09T19:56:12","modified_gmt":"2022-10-09T22:56:12","slug":"fitoterapicos","status":"publish","type":"page","link":"https:\/\/hervas-pharmacia.com.br\/novo\/fitoterapicos\/","title":{"rendered":"Fitoter\u00e1picos"},"content":{"rendered":"<div class=\"row\"  id=\"row-2124567500\">\n\n\t<div id=\"col-942789704\" class=\"col small-12 large-12\"  >\n\t\t\t\t<div class=\"col-inner\"  >\n\t\t\t\n\t\t\t\n\t<div class=\"img has-hover x md-x lg-x y md-y lg-y\" id=\"image_114319440\">\n\t\t\t\t\t\t\t\t<div class=\"img-inner dark\" >\n\t\t\t<img width=\"700\" height=\"200\" src=\"https:\/\/hervas-pharmacia.com.br\/novo\/wp-content\/uploads\/2022\/10\/homeopatia.jpg\" class=\"attachment-large size-large\" alt=\"\" decoding=\"async\" loading=\"lazy\" srcset=\"https:\/\/hervas-pharmacia.com.br\/novo\/wp-content\/uploads\/2022\/10\/homeopatia.jpg 700w, https:\/\/hervas-pharmacia.com.br\/novo\/wp-content\/uploads\/2022\/10\/homeopatia-600x171.jpg 600w\" sizes=\"(max-width: 700px) 100vw, 700px\" \/>\t\t\t\t\t\t\n\t\t\t\t\t<\/div>\n\t\t\t\t\t\t\t\t\n<style>\n#image_114319440 {\n  width: 100%;\n}\n<\/style>\n\t<\/div>\n\t\n<h1>Fitoter\u00e1picos<\/h1>\n<p><strong>GREEN TEA \u2212 CH\u00c1 VERDE<\/strong><br \/>Rico em catequinas e epigalo-galatocatequinas O Geen TEA \u00e9 obtido a partir das folhas da planta Camellia sinensis \u00c9 esta planta \u00e9 rica em subst\u00e2ncias chamadas de e Polifen\u00f3is e catequinas, e ainda de cafe\u00edna, teofilina e teobromina. A presen\u00e7a destas subst\u00e2ncias no ch\u00e1 verde faz com o mesmo tenha import\u00e2ncia como anti oxidante , estimulante e energ\u00e9tico . Outra a\u00e7\u00e3o importante \u00e9 a de promover a termog\u00eanese, .um mecanismo de queima de gorduras.<\/p>\n<p><strong>As principais indica\u00e7\u00f5es do GREEN TEA s\u00e3o:<\/strong><\/p>\n<p><strong>Auxiliar no emagrecimento<\/strong><br \/>\u2022 Estimula a queima cal\u00f3rica; reduz a gordura corporal atrav\u00e9s de efeitos termog\u00eanicos e da inibi\u00e7\u00e3o de enzimas g\u00e1stricas e da lipase pancre\u00e1tica;<\/p>\n<p><strong>Preven\u00e7\u00e3o do envelhecimento cut\u00e2neo<\/strong><br \/>\u2022 A\u00e7\u00e3o antioxidante.<\/p>\n<p><strong>Diminui\u00e7\u00e3o dos n\u00edveis de colesterol<\/strong><br \/>\u2022 Reduz o colesterol total e aumenta o HDL-colesterol;<\/p>\n<p><strong>Mecanismos de A\u00e7\u00e3o para queima de gordura \u00e9:<\/strong><br \/>\u2022 O Green tea aumenta da termog\u00eanese no tecido gorduroso por ativa\u00e7\u00e3o dos beta-adrenoreceptores. A a\u00e7\u00e3o ocorre na sinapse adren\u00e9rgica por estimula\u00e7\u00e3o de receptores Beta p\u00f3s-sin\u00e1pticos. J Nutr Biochem. 2003 Nov;14(11):671-6.Ja Contra indica\u00e7\u00f5es: hipersensibilidade a polifen\u00f3is e catequinas; gestantes; mulheres em fase de amamenta\u00e7\u00e3o . e hipertensos. Em c\u00e1psulas: a dose pode variar de 500 mg a 2 g 2 X ao dia. Na forma de ch\u00e1 forte ou sache contendo o extrato de green tea : tomar de 2 at\u00e9 6 doses ao dia.<\/p>\n<p><strong>Refer\u00eancias bibliograficas:<\/strong><br \/>1.Choo, J.J. Green tea reduces body fat accretion caused by high-fat diet in rats through beta-adrenoceptor activation of thermogenesis in brown adipose tissue. Department of Foods and Nutrition, Kunsan National University, Kunsan, Cheollabuk-do 573-701, South Korea. J Nutr Biochem. 2003 Nov;14(11):671-6.<br \/>2.Chantre, P., Lairon, D.. Recent findings of green tea extract AR25 (Exolise) and its activity for the treatment of obesity. Laboratoires Arkopharma, Carros, France. Phytomedicine. 2002 Jan;9(1):3-8.<br \/>3.Dulloo AG, Duret C, Rohrer D, Girardier L, Mensi N, Fathi M, Chantre P, Vandermander J. Efficacy of a green tea extract rich in catechin polyphenols and caffeine in increasing 24-h energy expenditure and fat oxidation in humans. Department of Physiology, Faculty of Medicine, University of Geneva. Am J Clin Nutr. 1999 Dec;70(6):1040-5.<br \/>4.Hasegawa, N., Yamda, N., Mori, M.. Powdered green tea has antilipogenic effect on Zucker rats fed a high-fat diet. Department of Food and Nutrition, Nagoya Bunri College, Nagoya, Japan. Phytother Res. 2003 May;17(5):477-80.<\/p>\n<p><strong>CH\u00c1 SOL\u00daVEL WHITE TEA<\/strong><br \/>Ch\u00e1 sol\u00favel WHITE TEA dose 4g<\/p>\n<p><strong>Conte\u00fado de ativos<\/strong><br \/>Polifen\u00f3is 50%<br \/>Catequinas Min 30%<br \/>Epigalato catequinas 20 %<br \/>Sabor : lim\u00e3o\/tangerina<br \/>Dose: 4g equivale a 2 colheres caf\u00e9 cheias.<br \/>Uso: Diluir uma dose em 300 mL de \u00e1gua fria ou gelada e beber.<\/p>\n\t\t<\/div>\n\t\t\t\t\t<\/div>\n\n\t\n<\/div>\n","protected":false},"excerpt":{"rendered":"","protected":false},"author":1,"featured_media":0,"parent":0,"menu_order":0,"comment_status":"closed","ping_status":"closed","template":"","meta":[],"_links":{"self":[{"href":"https:\/\/hervas-pharmacia.com.br\/novo\/wp-json\/wp\/v2\/pages\/998"}],"collection":[{"href":"https:\/\/hervas-pharmacia.com.br\/novo\/wp-json\/wp\/v2\/pages"}],"about":[{"href":"https:\/\/hervas-pharmacia.com.br\/novo\/wp-json\/wp\/v2\/types\/page"}],"author":[{"embeddable":true,"href":"https:\/\/hervas-pharmacia.com.br\/novo\/wp-json\/wp\/v2\/users\/1"}],"replies":[{"embeddable":true,"href":"https:\/\/hervas-pharmacia.com.br\/novo\/wp-json\/wp\/v2\/comments?post=998"}],"version-history":[{"count":2,"href":"https:\/\/hervas-pharmacia.com.br\/novo\/wp-json\/wp\/v2\/pages\/998\/revisions"}],"predecessor-version":[{"id":1000,"href":"https:\/\/hervas-pharmacia.com.br\/novo\/wp-json\/wp\/v2\/pages\/998\/revisions\/1000"}],"wp:attachment":[{"href":"https:\/\/hervas-pharmacia.com.br\/novo\/wp-json\/wp\/v2\/media?parent=998"}],"curies":[{"name":"wp","href":"https:\/\/api.w.org\/{rel}","templated":true}]}}