{"id":1248,"date":"2023-05-10T10:21:40","date_gmt":"2023-05-10T13:21:40","guid":{"rendered":"https:\/\/hervas-pharmacia.com.br\/novo\/?post_type=product&#038;p=1248"},"modified":"2023-05-10T10:35:40","modified_gmt":"2023-05-10T13:35:40","slug":"cardiologia","status":"publish","type":"product","link":"https:\/\/hervas-pharmacia.com.br\/novo\/cardiologia\/cardiologia\/","title":{"rendered":"Cardiologia"},"content":{"rendered":"","protected":false},"excerpt":{"rendered":"<p>H\u00e1bitos de vida saud\u00e1veis s\u00e3o importantes para evitar doen\u00e7as cardiovasculares, como o infarto e o AVC.<\/p>\n<p>Essas recomenda\u00e7\u00f5es foram comprovadas atrav\u00e9s de um estudo realizado no Estados Unidos por uma importante institui\u00e7\u00e3o de cardiologia, a Associa\u00e7\u00e3o Americana do Cora\u00e7\u00e3o (AHA).\u00a0Assim surgiu um conjunto de metas e medidas com o objetivo de focar nas mudan\u00e7as no estilo de vida e trazer benef\u00edcios de longo prazo \u00e0 popula\u00e7\u00e3o.<\/p>\n<p>Fa\u00e7a acompanhamento m\u00e9dico peri\u00f3dico e lembre-se sempre de pedir recomenda\u00e7\u00f5es ao seu M\u00e9dico Cardiologista.<\/p>\n<p>&nbsp;<\/p>\n<p><strong>Recomenda\u00e7\u00f5es importantes para prevenir as doen\u00e7as cardiovasculares:<\/strong><\/p>\n<p><strong>\u00a0<\/strong><\/p>\n<ul>\n<li><strong>Controle da press\u00e3o arterial<\/strong><\/li>\n<li><strong>Controle do colesterol total e suas fra\u00e7\u00f5es<\/strong><\/li>\n<li>Controle do Diabetes<\/li>\n<li>Pr\u00e1tica de atividades f\u00edsicas regulares<\/li>\n<li>Dieta saud\u00e1vel e equilibrada<\/li>\n<li>Controle do peso corporal<\/li>\n<li>N\u00e3o fumar<\/li>\n<\/ul>\n<p><strong>\u00a0<\/strong><\/p>\n<p><strong>\u00a0<\/strong><\/p>\n<p><strong>Ativos que podem auxiliar na prote\u00e7\u00e3o cardiovascular<\/strong><\/p>\n<p><strong>\u00a0<\/strong><\/p>\n<ul>\n<li><strong>\u00d4mega 3 (EPA+DHA) \u2013 c\u00e1psulas oleosas<\/strong><\/li>\n<\/ul>\n<p><strong>\u00a0<\/strong><\/p>\n<p>A American Heart Association e a USDA Dietary Guidelines t\u00eam reconhecido a import\u00e2ncia do consumo de gorduras poli insaturadas, especificamente do \u00f4mega 3, para uma boa sa\u00fade org\u00e2nica. In\u00fameros estudos comprovam sua importante a\u00e7\u00e3o em v\u00e1rias fases da vida e em diversas patologias.<\/p>\n<p>Cont\u00e9m em sua composi\u00e7\u00e3o EPA e DHA, sendo o EPA o maior respons\u00e1vel por sua importante a\u00e7\u00e3o anti-inflamat\u00f3ria, preven\u00e7\u00e3o da forma\u00e7\u00e3o de placas de gordura em vasos sangu\u00edneos, beneficiando o sistema cardiovascular e circulat\u00f3rio e, DHA, com importante a\u00e7\u00e3o neuroprotetora, melhorando processos cognitivos. Nosso c\u00e9rebro \u00e9 formado por gordura e 20% dela correspondem ao DHA.<\/p>\n<p>&nbsp;<\/p>\n<p>&nbsp;<\/p>\n<p><strong>\u00a0<\/strong><\/p>\n<ul>\n<li><strong>Ubiquinol<\/strong><\/li>\n<\/ul>\n<p><strong>\u00a0<\/strong><\/p>\n<p>Ubiquinol \u00e9 a Coenzima Q-10 na sua forma reduzida, com a\u00e7\u00e3o carreadora de el\u00e9trons pela membrana das mitoc\u00f4ndrias. Por ser extremamente sens\u00edvel a oxida\u00e7\u00e3o, este tem um alto poder antioxidante nas mitoc\u00f4ndrias e membranas lip\u00eddicas, eliminando os radicais livres, promovendo estimula\u00e7\u00e3o da biog\u00eanese mitocondrial. Auxilia as mitoc\u00f4ndrias a converter as gorduras e a\u00e7ucares em ATP. Baixos n\u00edveis de produ\u00e7\u00e3o end\u00f3gena de COQ 10 est\u00e3o relacionadas a doen\u00e7as cardiovasculares.<\/p>\n<p>Atua em doen\u00e7as do cora\u00e7\u00e3o, no metabolismo energ\u00e9tico ao n\u00edvel da mitoc\u00f4ndria, do m\u00fasculo card\u00edaco.<\/p>\n<p>Atua em doen\u00e7as do cora\u00e7\u00e3o como Cardiomiopatia Congestiva; Controle da Hipertens\u00e3o; Pr\u00e9 e P\u00f3s operat\u00f3rio card\u00edaco por ser um nutriente essencial para a prote\u00e7\u00e3o do cora\u00e7\u00e3o, e das hem\u00e1cias. Atua no metabolismo energ\u00e9tico ao n\u00edvel da mitoc\u00f4ndria, do m\u00fasculo card\u00edaco.<\/p>\n<p>&nbsp;<\/p>\n<p>&nbsp;<\/p>\n<ul>\n<li><strong>Vitamina K2 &#8211; (MK-7)<\/strong><\/li>\n<\/ul>\n<p><strong>\u00a0<\/strong><\/p>\n<p>A Vitamina MK-7 (vitamina K2) \u00e9 a forma superior de vitamina K. Todas as vitaminas K s\u00e3o semelhantes em estrutura, mas diferem no comprimento da &#8220;cadeia lateral&#8221;. Quanto maior a cadeia lateral, melhor o efeito e efici\u00eancia. Por conseguinte, as menaquinonas de cadeia longa (especialmente MK-7) s\u00e3o os mais desej\u00e1veis e, como s\u00e3o quase completamente absorvidas, o corpo requer doses pequenas e permanecem na circula\u00e7\u00e3o durante muito tempo. A Vitamina K2 auxilia tamb\u00e9m na longevidade por aumenta atividade da telomerase.<\/p>\n<p>Na sa\u00fade cardiovascular, a vitamina K2 diminui a carboxila\u00e7\u00e3o de prote\u00edna MGP na parede vascular, retardando a progress\u00e3o de aterosclerose. O fator mais importante que determina a calcifica\u00e7\u00e3o nas art\u00e9rias \u00e9 chamado de Prote\u00edna Matriz Gla (MGP). A MGP se liga ao c\u00e1lcio flutuando em torno do nosso sistema, impedindo-o de formar placas.\u00a0 Para desempenhar esta fun\u00e7\u00e3o vital esta Prote\u00edna Matriz Gla (MGP) \u00e9 ativada por uma enzima chamada gammaglutamil carboxilase, e esta enzima \u00e9 dependente de vitamina K2 para fazer o seu trabalho.<\/p>\n<p>&nbsp;<\/p>\n<p>&nbsp;<\/p>\n<ul>\n<li><strong>Vitamina D3<\/strong><\/li>\n<\/ul>\n<p>&nbsp;<\/p>\n<p>Estudos recentes t\u00eam relacionado n\u00edveis inadequados de Vitamina D com doen\u00e7as cardiovasculares. A a\u00e7\u00e3o da Vitamina D ocorre a partir do metab\u00f3lito ativo 1,25 Dihidroxi Vitamina D e seu receptor (VDR). Presentes tamb\u00e9m nas c\u00e9lulas musculares lisas e nos Cardiomi\u00f3citos.<\/p>\n<p>Tratamento com suplementa\u00e7\u00e3o: Vitamina D, Ubiquinol, Vitamina K2 (MK7) apresentam excelentes resultados na prote\u00e7\u00e3o cardiovascular.<\/p>\n<p>A Vitamina D \u00e9 necess\u00e1ria para in\u00fameros processos em nosso organismo e restaura\u00e7\u00e3o da homeostase metab\u00f3lica. A\u00e7\u00f5es: cardioprotetoras, fortalecimento do sistema \u00f3sseo, redu\u00e7\u00e3o e preven\u00e7\u00e3o da osteoporose. Potencializa a imunidade. A\u00e7\u00e3o anti tumoral. Preven\u00e7\u00e3o e tratamento de dem\u00eancias e transtornos cerebrais. Prote\u00e7\u00e3o Viral. A\u00e7\u00e3o anti-inflamat\u00f3ria e hipoglicemiante. Modula\u00e7\u00e3o da S\u00edndrome metab\u00f3lica. Auxiliar na prote\u00e7\u00e3o hep\u00e1tica e renal. Melhora da fun\u00e7\u00e3o mitocondrial.<\/p>\n","protected":false},"featured_media":1226,"template":"","meta":[],"product_cat":[33],"product_tag":[],"_links":{"self":[{"href":"https:\/\/hervas-pharmacia.com.br\/novo\/wp-json\/wp\/v2\/product\/1248"}],"collection":[{"href":"https:\/\/hervas-pharmacia.com.br\/novo\/wp-json\/wp\/v2\/product"}],"about":[{"href":"https:\/\/hervas-pharmacia.com.br\/novo\/wp-json\/wp\/v2\/types\/product"}],"wp:featuredmedia":[{"embeddable":true,"href":"https:\/\/hervas-pharmacia.com.br\/novo\/wp-json\/wp\/v2\/media\/1226"}],"wp:attachment":[{"href":"https:\/\/hervas-pharmacia.com.br\/novo\/wp-json\/wp\/v2\/media?parent=1248"}],"wp:term":[{"taxonomy":"product_cat","embeddable":true,"href":"https:\/\/hervas-pharmacia.com.br\/novo\/wp-json\/wp\/v2\/product_cat?post=1248"},{"taxonomy":"product_tag","embeddable":true,"href":"https:\/\/hervas-pharmacia.com.br\/novo\/wp-json\/wp\/v2\/product_tag?post=1248"}],"curies":[{"name":"wp","href":"https:\/\/api.w.org\/{rel}","templated":true}]}}