{"id":169,"date":"2014-07-06T10:43:57","date_gmt":"2014-07-06T10:43:57","guid":{"rendered":"http:\/\/flatsome.dev\/?post_type=product&#038;p=8263"},"modified":"2023-04-11T07:56:52","modified_gmt":"2023-04-11T10:56:52","slug":"emagrecimento-e-reducao-de-gorduras","status":"publish","type":"product","link":"https:\/\/hervas-pharmacia.com.br\/novo\/emagrecimento-e-reducao-de-gorduras\/emagrecimento-e-reducao-de-gorduras\/","title":{"rendered":"Emagrecimento e redu\u00e7\u00e3o de gorduras"},"content":{"rendered":"","protected":false},"excerpt":{"rendered":"<p>O processo de emagrecimento envolve v\u00e1rios fatores, cujas principais motiva\u00e7\u00f5es est\u00e3o diretamente relacionadas \u00e0 sa\u00fade e ao bem-estar.<\/p>\n<p>Emagrecer \u00e9 perder gordura corporal, isso significa diminuir o tecido adiposo. Perder peso, por outro lado, \u00e9 simplesmente diminuir os quilos, o que pode resultar tamb\u00e9m na perda de massa magra durante esse processo.<\/p>\n<p>O ac\u00famulo de gordura corp\u00f3rea pode levar a obesidade. O ganho de peso ocorre quando o consumo cal\u00f3rico \u00e9 maior que seu gasto di\u00e1rio. Fatores diversos podem favorecer as chances de um indiv\u00edduo se tornar obeso, como alimenta\u00e7\u00e3o incorreta com consumo excessivo de alimentos processados, com baixo valor nutricional e excesso de a\u00e7\u00facar e s\u00f3dio, sedentarismo, gen\u00e9tica, uso de determinados medicamentos que por exemplo pode causar reten\u00e7\u00e3o de l\u00edquido, dist\u00farbios hormonais como hipotireoidismo e aumento dos n\u00edveis de cortisol, problemas psicol\u00f3gicos como a depress\u00e3o e a ansiedade, dentre outros fatores.<\/p>\n<p>A obesidade pode causar consequ\u00eancias f\u00edsicas, psicol\u00f3gicas e sociais e colocar em risco a qualidade de vida do indiv\u00edduo e predispor a demais doen\u00e7as oportunistas. \u00a0Junto do ganho de peso, aumentam tamb\u00e9m os n\u00edveis de gordura no sangue, de glicemia e da press\u00e3o sangu\u00ednea, respons\u00e1veis pelas comorbidades como: diabetes, hipertens\u00e3o arterial, dislipidemias, doen\u00e7as articulares e card\u00edacas, altera\u00e7\u00f5es do sono, dentre outras.<\/p>\n<p>Importante ressaltar que nem todas as consequ\u00eancias da obesidade para a sa\u00fade surgem em um mesmo indiv\u00edduo ou de uma s\u00f3 vez. Por isso, o acompanhamento com um profissional de sa\u00fade periodicamente, s\u00e3o atitudes indispens\u00e1veis para evitar complica\u00e7\u00f5es.<\/p>\n<p>\u00c9 recomend\u00e1vel uma dieta e exerc\u00edcios f\u00edsicos para auxiliar no emagrecimento, bem como, mudan\u00e7as no estilo de vida e h\u00e1bitos alimentares.<\/p>\n<p>&nbsp;<\/p>\n<p><strong>Ativos que podem auxiliar no emagrecimento e redu\u00e7\u00e3o de gordura<\/strong><\/p>\n<p><strong>\u00a0<\/strong><\/p>\n<ul>\n<li>Cactin<\/li>\n<li>Cassialamina<\/li>\n<li>Chitosan<\/li>\n<li>Citrus aurantium<\/li>\n<li>Faseolamina<\/li>\n<li>Garc\u00ednia Cambogia<\/li>\n<li>Green tea<\/li>\n<li>Gymnema sylvestris<\/li>\n<li>InSea<\/li>\n<li>Irvingia gabonensis<\/li>\n<li>Morosil<\/li>\n<li>Okralin<\/li>\n<li>Picolinato de cromo<\/li>\n<li>Picnogenol<\/li>\n<\/ul>\n<p><strong><u>\u00a0<\/u><\/strong><\/p>\n<p><strong>Cactin: \u00a0<\/strong>possui efeito antioxidante e diur\u00e9tico sem a perda dos minerais essenciais para a sa\u00fade. Conhecido como \u201cDrenagem Linf\u00e1tica em C\u00e1psulas\u201d, o ativo extra\u00eddo do fruto do cacto <em>Opuntia f\u00edcus-indica <\/em>auxilia na elimina\u00e7\u00e3o de l\u00edquidos e na sensa\u00e7\u00e3o de incha\u00e7o, estimula o sistema linf\u00e1tico acelerando o processo de elimina\u00e7\u00e3o de res\u00edduos e toxinas acumulados no organismo. Tamb\u00e9m contribui para a redu\u00e7\u00e3o significativa do peso e auxilia no combate \u00e0 celulite.<\/p>\n<p><strong>\u00a0<\/strong><\/p>\n<p><strong>Cassialamina:<\/strong> leguminosa que cont\u00e9m flavon\u00f3ides, sendo o mais potente um inibidor da l\u00edpase, o triidroxiflavano catequina. Reduz a press\u00e3o sangu\u00ednea, os n\u00edveis de colesterol s\u00e9rico, \u00e1cido \u00farico e glicemia, sendo indicado para todas as dietas de emagrecimento.<\/p>\n<p>&nbsp;<\/p>\n<p><strong>Chitosan:<\/strong> biopol\u00edmero do tipo polissacar\u00eddeo que possui uma estrutura molecular quimicamente similar \u00e0 fibra vegetal chamada celulose, adsorve as gorduras durante a digest\u00e3o, formando uma esponja de gordura, de baixa digestibilidade. No intestino, a esponja de gordura \u00e9 solidificada e eliminada pelas fezes, sem ser aproveitada pelo organismo. Apresenta uma capacidade de diminuir o colesterol LDL mantendo o colesterol HDL. \u00c9 conhecido tamb\u00e9m como um anti\u00e1cido, para o controle de press\u00e3o alta, para pris\u00e3o de ventre e para redu\u00e7\u00e3o de \u00e1cido \u00farico no sangue.<\/p>\n<p>&nbsp;<\/p>\n<p><strong>Citrus Aurantium: <\/strong>extrato seco do fruto imaturo com no m\u00ednimo 6% de sinefrina. Propriedades termog\u00eanicas no tratamento coadjuvante da obesidade. Promove a perda de peso; Ansiol\u00edtico natural; Sedativo leve; Gasto cal\u00f3rico; Aumento do n\u00edvel energ\u00e9tico; Aumento da lip\u00f3lise.<\/p>\n<p>&nbsp;<\/p>\n<p><strong>Faseolamina:<\/strong> glicoprote\u00edna que inibe a alfa-amilase (enzima respons\u00e1vel pela convers\u00e3o de carboidratos em glicose), impedindo a absor\u00e7\u00e3o de uma parte dos carboidratos. O resultado \u00e9 a redu\u00e7\u00e3o dos n\u00edveis de a\u00e7\u00facares e de calorias associadas a eles, bem como a redu\u00e7\u00e3o das reservas de gordura. Auxiliar na perda de peso.<\/p>\n<p>&nbsp;<\/p>\n<p><strong>Garc\u00ednia: <\/strong>Importante princ\u00edpio ativo, o \u00e1cido hidroxic\u00edtrico (inibidor da s\u00edntese dos \u00e1cidos graxos, por diminuir o fornecimento de acetil-coenzima A no metabolismo celular, por inibi\u00e7\u00e3o competitiva da enzima citratoliase pelo \u00e1cido hidroxic\u00edtrico;). Aumenta a queima de gordura pela redu\u00e7\u00e3o dos n\u00edveis de malonil-coenzima A, que ativa a enzima carnitina acetiltransferase. A\u00e7\u00e3o sobre o fluxo metab\u00f3lico, resultante do desvio de carboidratos da dieta e seus metab\u00f3litos da s\u00edntese lip\u00eddica.<\/p>\n<p>&nbsp;<\/p>\n<p><strong>Green Tea:<\/strong> os polifen\u00f3is do ch\u00e1 verde, tem demonstrado propriedades antioxidantes, anti-inflamat\u00f3rias, termog\u00eanicas e diur\u00e9ticas. Atua na remo\u00e7\u00e3o do excesso de radicais livres, na inibi\u00e7\u00e3o do citocromo P450 e metabolismo do \u00e1cido araquid\u00f4nico.<\/p>\n<p>&nbsp;<\/p>\n<p><strong>Gymnema: <\/strong>Melhora a sensibilidade do organismo \u00e0 insulina e corrigindo a resist\u00eancia a ela. Pode reduzir a gordura corporal e aumentar a termog\u00eanese, mecanismo auxiliar no controle de peso. \u201cEfeito redutor do sabor doce\u201d. Tem a\u00e7\u00e3o hipoglicemiante, antidiab\u00e9tica e adaptog\u00eanica. Capaz de reduzir a concentra\u00e7\u00e3o de glicose (glicemia), mediada por est\u00edmulos direto \u00e0 libera\u00e7\u00e3o de insulina ou est\u00edmulo de um ou mais horm\u00f4nios ent\u00e9ricos respons\u00e1veis pelos sinais insulinog\u00eanicos, promovendo assim, conseq\u00fcente libera\u00e7\u00e3o de insulina.<\/p>\n<p>&nbsp;<\/p>\n<p><strong>InSea: <\/strong>combinado dos polifen\u00f3is de Ascophyllum nodosum e Fucus vesiculosus, padronizado em florotaninos, que tem a capacidade de inibir a atividade da a-glucosidase e da a-amilase, reduzindo a digest\u00e3o e assimila\u00e7\u00e3o de amido e a\u00e7\u00facar, a resposta glic\u00eamica normal que segue uma refei\u00e7\u00e3o, bem como o pico de insulina associada, e ajuda a manter a sensibilidade \u00e0 insulina saud\u00e1vel.<\/p>\n<p>&nbsp;<\/p>\n<p><strong>Irvingia Gabonensis:<\/strong> elaborada a base de sementes de uma \u00e1rvore africana, auxilia no tratamento da obesidade, diabetes e\u00a0press\u00e3o sangu\u00ednea sist\u00f3lica. Auxilia na queima de gorduras. Conta tamb\u00e9m com uma a\u00e7\u00e3o laxativa, devido sua quantidade de fibras, que ajudam\u00a0no bom funcionamento do intestino e proporcionam\u00a0uma sensa\u00e7\u00e3o de saciedade.<\/p>\n<p>&nbsp;<\/p>\n<p><strong>Morosil: <\/strong>extrato do suco de laranja Moro original, rico em Antocianinas, \u00e1cidos hidroxicin\u00e2micos, flavononas e \u00e1cido asc\u00f3rbico, que atuam em sinergia contribuindo para o aumento da lip\u00f3lise e diminui\u00e7\u00e3o da adipog\u00eanese, conduzindo a redu\u00e7\u00e3o da expans\u00e3o do tecido adiposo e do tamanho dos adip\u00f3citos. Tamb\u00e9m colabora no cuidado da esteatose hep\u00e1tica, al\u00e9m de aumentar a oxida\u00e7\u00e3o de gorduras.<\/p>\n<p>&nbsp;<\/p>\n<p><strong>Okralin<\/strong>: obtido atrav\u00e9s do processamento da okra, tamb\u00e9m conhecido como quiabo, cultivado na Tun\u00edsia. Possui uma formula padronizada em 10% de fibras sol\u00faveis, sendo composto pela pectina (ramnogalacturonan-I) do quiabo associado a inulina e \u00e1cido c\u00edtrico, que atuam de forma sin\u00e9rgica na redu\u00e7\u00e3o da absor\u00e7\u00e3o da gordura presente nos alimentos. Okralin se liga a gordura presente nos alimentos, formando um gel que impede sua digest\u00e3o pelas enzimas intestinais e, consequentemente, sua absor\u00e7\u00e3o. Dessa forma, a gordura ser\u00e1 eliminada naturalmente nas fezes, sem causar desconfortos.<\/p>\n<p>&nbsp;<\/p>\n<p><strong>Picolinato de Cromo: <\/strong>Participa na regula\u00e7\u00e3o da glicemia, estimula o aumento de receptores de insulina na membrana plasm\u00e1tica e ainda est\u00e1 envolvido no mecanismo de redu\u00e7\u00e3o dos n\u00edveis de colesterol LDL.<\/p>\n<p>&nbsp;<\/p>\n<p><strong>Picnogenol:<\/strong> A\u00e7\u00e3o antioxidante, Anti-inflamat\u00f3ria. Melhora do perfil lip\u00eddico reduzindo LDL e aumentando HDL. Melhora do perfil glic\u00eamico e auxiliar no tratamento da s\u00edndrome metab\u00f3lica.<\/p>\n<p>&nbsp;<\/p>\n<p><strong>Saffrin:<\/strong> padronizado em safranal e extra\u00eddo do estigma do a\u00e7afr\u00e3o, por inibir a recepta\u00e7\u00e3o de serotonina e modular o cortisol, contribui para a redu\u00e7\u00e3o da ansiedade e vontade de consumir doces e carboidratos.<\/p>\n<p>&nbsp;<\/p>\n<p><strong>\u00a0<\/strong><\/p>\n<p><strong>ADVERT\u00caNCIAS:<\/strong><\/p>\n<p>Nunca compre medicamento sem orienta\u00e7\u00e3o de um profissional<\/p>\n<p>Fale com seu m\u00e9dico, farmac\u00eautico ou demais profissionais da sa\u00fade legalmente habilitados.<\/p>\n<p>&nbsp;<\/p>\n<p><span style=\"font-size: 14.4px;\"><a href=\"https:\/\/hervas-pharmacia.com.br\/novo\/contato\/\" class=\"button primary is-primary is-medium\"  >\n    <span>CONTATO<\/span>\n  <\/a>\n<\/span><\/p>\n","protected":false},"featured_media":898,"template":"","meta":[],"product_cat":[95],"product_tag":[],"_links":{"self":[{"href":"https:\/\/hervas-pharmacia.com.br\/novo\/wp-json\/wp\/v2\/product\/169"}],"collection":[{"href":"https:\/\/hervas-pharmacia.com.br\/novo\/wp-json\/wp\/v2\/product"}],"about":[{"href":"https:\/\/hervas-pharmacia.com.br\/novo\/wp-json\/wp\/v2\/types\/product"}],"wp:featuredmedia":[{"embeddable":true,"href":"https:\/\/hervas-pharmacia.com.br\/novo\/wp-json\/wp\/v2\/media\/898"}],"wp:attachment":[{"href":"https:\/\/hervas-pharmacia.com.br\/novo\/wp-json\/wp\/v2\/media?parent=169"}],"wp:term":[{"taxonomy":"product_cat","embeddable":true,"href":"https:\/\/hervas-pharmacia.com.br\/novo\/wp-json\/wp\/v2\/product_cat?post=169"},{"taxonomy":"product_tag","embeddable":true,"href":"https:\/\/hervas-pharmacia.com.br\/novo\/wp-json\/wp\/v2\/product_tag?post=169"}],"curies":[{"name":"wp","href":"https:\/\/api.w.org\/{rel}","templated":true}]}}