{"id":560,"date":"2020-08-30T19:53:26","date_gmt":"2020-08-30T22:53:26","guid":{"rendered":"https:\/\/hervas-pharmacia.com.br\/novo\/?post_type=product&#038;p=560"},"modified":"2023-04-11T07:58:16","modified_gmt":"2023-04-11T10:58:16","slug":"corpo-e-estetica","status":"publish","type":"product","link":"https:\/\/hervas-pharmacia.com.br\/novo\/corpo-e-estetica\/corpo-e-estetica\/","title":{"rendered":"Dermatologia: Corpo e Est\u00e9tica"},"content":{"rendered":"","protected":false},"excerpt":{"rendered":"<p>H\u00e1bitos saud\u00e1veis contribuem para a beleza da pele, entregam bem-estar e refor\u00e7am a sa\u00fade do corpo.<\/p>\n<p>Criar uma rotina de cuidados com a pele envolve, limpeza com produtos que ajudam a limpar a pele e retirar a oleosidade e outros res\u00edduos. Hidratar, mantendo a pele macia e auxiliando na prote\u00e7\u00e3o cut\u00e2nea e o uso de protetor solar para garantir a prote\u00e7\u00e3o da pele contra os raios solares.<\/p>\n<p>Manter uma rotina de skincare, fazem toda a diferen\u00e7a, al\u00e9m de trazer mais vi\u00e7o para a pele, tamb\u00e9m previnem o envelhecimento precoce, flacidez e altera\u00e7\u00f5es cut\u00e2neas.<\/p>\n<p>Importante o uso de ativos com a\u00e7\u00e3o sobre fatores respons\u00e1veis pelo envelhecimento cut\u00e2neo, a\u00e7\u00e3o antioxidante, promo\u00e7\u00e3o do aumento da hidrata\u00e7\u00e3o, sustenta\u00e7\u00e3o, t\u00f4nus muscular, melhora da integridade da pele e do brilho.<\/p>\n<p>&nbsp;<\/p>\n<p><strong>\u00a0<\/strong><\/p>\n<p><strong>\u00a0<\/strong><\/p>\n<p><strong>Ativos de uso t\u00f3pico que podem auxiliar na regenera\u00e7\u00e3o e prote\u00e7\u00e3o da pele contra a polui\u00e7\u00e3o di\u00e1ria, criando uma barreira impedindo a entrada de impurezas na pele e promovendo tamb\u00e9m hidrata\u00e7\u00e3o e maciez<\/strong><\/p>\n<p><strong>\u00a0<\/strong><\/p>\n<ul>\n<li>Hyaxel<\/li>\n<li>Hydroxyprolisilane CN<\/li>\n<li>Shield MDC<\/li>\n<\/ul>\n<p><strong>\u00a0<\/strong><\/p>\n<p><strong>\u00a0<\/strong><\/p>\n<p><strong>Hyaxel: <\/strong>A\u00e7\u00e3o Wellness-Preven\u00e7\u00e3o e Repara\u00e7\u00e3o. \u00c1cido Hialur\u00f4nico de baixo peso molecular biovetorizado pelo Sil\u00edcio Org\u00e2nico. Melhora da penetra\u00e7\u00e3o e biodisponibilidade do \u00c1cido Hialur\u00f4nico promovendo hidrata\u00e7\u00e3o intensa.<\/p>\n<p>&nbsp;<\/p>\n<p><strong>Hydroxiprolisilane CN: <\/strong>A\u00e7\u00e3o firmeza e est\u00edmulo de col\u00e1geno. Hidroxiprolina ligada ao sil\u00edcio org\u00e2nico. Estimula a produ\u00e7\u00e3o de col\u00e1geno e atua como um cimento d\u00e9rmico natural auxiliando na sustenta\u00e7\u00e3o do tecido conjuntivo. Participa na forma\u00e7\u00e3o e estabiliza\u00e7\u00e3o desta estrutura como um elemento de &#8220;liga\u00e7\u00e3o&#8221;. \u00c9 capaz de criar fortes liga\u00e7\u00f5es (formando liga\u00e7\u00f5es m\u00faltiplas de hidrog\u00eanio) com macromol\u00e9culas, tais como as glicosaminoglicanas, as proteoglicanas e as glicoprote\u00ednas estruturais.<\/p>\n<p>&nbsp;<\/p>\n<p><strong>Pro.Shield MDC: <\/strong>A\u00e7\u00e3o anti polui\u00e7\u00e3o e anti-luz vis\u00edvel. Ingrediente vegetal obtido por eco extra\u00e7\u00e3o. \u00c9 um potente antioxidante, rico em melanoidinas do caf\u00e9, possui um sistema de ciclodextrinas. Atua como um escudo fotoprotetor urbano e antipolui\u00e7\u00e3o digital.<\/p>\n<p>&nbsp;<\/p>\n<p><strong>Ativos de uso t\u00f3pico que podem auxiliar na s\u00edntese de col\u00e1geno: Antioxidante &amp; Iluminador &amp; Antiglicante &amp; Protetor DNA <\/strong><\/p>\n<p><strong>\u00a0<\/strong><\/p>\n<p>A\u00e7\u00f5es para evitar perda de col\u00e1geno e efeito redutor de radicais livres (efeito antioxidante), al\u00e9m de auxiliar no clareamento de manchas da pele fotoenvelhecida.<\/p>\n<p><strong>\u00a0<\/strong><\/p>\n<ul>\n<li>Alistin<\/li>\n<li>Aquaporine Active<\/li>\n<li>Ascorbosilane C<\/li>\n<li>Superox C<\/li>\n<li>Tensiplus<\/li>\n<li>Vederine<\/li>\n<\/ul>\n<p>&nbsp;<\/p>\n<p><strong>Alistin:<\/strong> Antiglicante e Protetor do DNA. Pseudodipept\u00eddeo sint\u00e9tico an\u00e1logo a carnosina, por\u00e9m muito mais est\u00e1vel e resistente \u00e0 hidr\u00f3lise enzim\u00e1tica. Antioxidante universal, interrompe a propaga\u00e7\u00e3o da atividade dos radicais livres, atuando em alvos hidrof\u00edlicos e lipof\u00edlicos ao mesmo tempo. Previne o fotoenvelhecimento e a glica\u00e7\u00e3o, al\u00e9m de proteger o DNA celular.<\/p>\n<p>&nbsp;<\/p>\n<p><strong>Aquaporine Active:<\/strong> Biopept\u00eddeo derivado do \u00e1cido glut\u00e2mico associado ao silanetriol trealose dissacar\u00eddeo, extra\u00eddo de plantas do deserto. Atua diretamente sobre os queratin\u00f3citos aumentando a produ\u00e7\u00e3o dos genes da aquaporine-3 e de outras mol\u00e9culas envolvidas na barreira cut\u00e2nea.<\/p>\n<p>&nbsp;<\/p>\n<p><strong>Ascorbosilane C: <\/strong>Intensa a\u00e7\u00e3o antioxidante. \u00c1cido Asc\u00f3rbico vetorizado pela mol\u00e9cula do Silanol. Possui a\u00e7\u00e3o dupla no combate aos Radicais livres, pois o \u00e1cido asc\u00f3rbico neutraliza os ataques e a mol\u00e9cula de Silanol fortalece e protege contra esses ataques.<\/p>\n<p>&nbsp;<\/p>\n<p><strong>Superox C: <\/strong>Restaura a luminosidade. Extrato bot\u00e2nico, end\u00eamico das florestas australianas, que melhora o transporte da vitamina C atrav\u00e9s das camadas epid\u00e9rmicas e resgata a luminosidade natural da pele.<\/p>\n<p>&nbsp;<\/p>\n<p><strong>Tensiplus: <\/strong>Fra\u00e7\u00e3o purificada de polioses ramificadas naturais. Esta rede de alto peso molecular de a\u00e7\u00facares complexos, s\u00e3o unidas por liga\u00e7\u00f5es inter e intra de cadeias de hidrog\u00eanio, que aderem \u00e0 superf\u00edcie da pele formando um filme firmador cont\u00ednuo e coeso. A\u00e7\u00e3o Tensora: Forma um filme sobre a pele, criando um efeito tensor quase que imediato e duradouro. Ajuda a deixar a pele mais lisa e suave, preparando sua superf\u00edcie para receber e fixar a maquiagem. Regenera\u00e7\u00e3o dos Tecidos: Diminui os danos causados pelos radicais livres e age regenerando os tecidos da pele.<\/p>\n<p><strong>\u00a0<\/strong><\/p>\n<p><strong>Vederine<\/strong>: Extra\u00eddo e purificado da raiz da Chic\u00f3ria, com a\u00e7\u00e3o mim\u00e9tica da vitamina D na pele, sem os riscos da fotoexposi\u00e7\u00e3o. Restaura a capacidade end\u00f3gena de forma\u00e7\u00e3o da epiderme. Ativa as vias de sinaliza\u00e7\u00e3o reguladas pelo VDR (receptor espec\u00edfico da vitamina D). Estimula a rede de genes que controla a diferencia\u00e7\u00e3o, cornifica\u00e7\u00e3o e descama\u00e7\u00e3o celular. Restaura a capacidade de regenera\u00e7\u00e3o da pele. Protege e recupera a fun\u00e7\u00e3o de barreira em peles maduras e ressecadas. Pode ser utilizado em p\u00f3s-procedimentos dermatol\u00f3gicos, como <em>peeling <\/em>e laser.<\/p>\n<p>&nbsp;<\/p>\n<p><strong>Ativos Senol\u00edticos que podem auxiliar na preven\u00e7\u00e3o do envelhecimento sist\u00eamico, com a\u00e7\u00e3o neuroprotetora, modula\u00e7\u00e3o do cortisol<\/strong><\/p>\n<p><strong>\u00a0<\/strong><\/p>\n<p>Podem auxiliar a minimizar as desordens metab\u00f3licas e estimular o metabolismo celular. Os ativos Senol\u00edticos s\u00e3o uma classe de compostos que atuam promovendo a elimina\u00e7\u00e3o de c\u00e9lulas senescentes do organismo, auxiliando na regula\u00e7\u00e3o de fatores de prote\u00e7\u00e3o e auxiliando na preven\u00e7\u00e3o da inflama\u00e7\u00e3o e do dano tecidual.<\/p>\n<p>&nbsp;<\/p>\n<ul>\n<li>Glycoxil<\/li>\n<li>Modulip GC<\/li>\n<\/ul>\n<p>&nbsp;<\/p>\n<p><strong>Glycoxil:<\/strong> Ativo resultante de uma modifica\u00e7\u00e3o molecular derivado da carnosina, que atua na preven\u00e7\u00e3o e no tratamento coadjuvante de diversas desordens metab\u00f3licas e doen\u00e7as associadas ao envelhecimento sist\u00eamico. Previne a peroxida\u00e7\u00e3o lip\u00eddica, protegendo as membranas do estresse oxidativo. A inibi\u00e7\u00e3o da peroxida\u00e7\u00e3o lip\u00eddica se d\u00e1 pela combina\u00e7\u00e3o da propriedade varredora de radicais livres e da propriedade quelante dos metais. Propriedades antiglica\u00e7\u00e3o\/glicoxida\u00e7\u00e3o e deglicante. Compete com os \u201ca\u00e7ucares\u201d protegendo as prote\u00ednas da glica\u00e7\u00e3o. Protege o DNA por inibir o dano oxidativo.<\/p>\n<p>&nbsp;<\/p>\n<p><strong>Modulip GC:<\/strong> Pept\u00eddeo biomim\u00e9tico baseado em <em>glutrapeptide<\/em>, capaz de potencializar a resposta do fator de crescimento neural (NGF) e possui a\u00e7\u00e3o neuropept\u00eddeo <em>like<\/em>. Atua retardando a neurosenesc\u00eancia induzida pela redu\u00e7\u00e3o de seus n\u00edveis, que ocorre principalmente devido ao envelhecimento. O cortisol, proveniente de um estresse cr\u00f4nico, pode afetar a inerva\u00e7\u00e3o simp\u00e1tica do tecido adiposo branco, reduzindo o potencial lipol\u00edtico e aumentando, consequentemente, a deposi\u00e7\u00e3o de gordura, principalmente na regi\u00e3o visceral. Efeito neuroprotetor e antioxidante<\/p>\n<p>&nbsp;<\/p>\n<p>&nbsp;<\/p>\n<p>&nbsp;<\/p>\n<p><strong>Ativos que podem auxiliar na prote\u00e7\u00e3o cut\u00e2nea, combate ao envelhecimento precoce e flacidez da pele<\/strong><\/p>\n<p><strong>\u00a0<\/strong><\/p>\n<ul>\n<li>Bio Arct<\/li>\n<li>Dimpless<\/li>\n<li>DMAE<\/li>\n<li>Exsynutriment<\/li>\n<li>Oli Ola<\/li>\n<li>Resveratrol Trans<\/li>\n<li>Scutellaria baicalensis<\/li>\n<li>Verisol<\/li>\n<\/ul>\n<p>&nbsp;<\/p>\n<p>&nbsp;<\/p>\n<p><strong>Bio Arct: <\/strong>Biomassa marinha origin\u00e1ria da alga <em>Chondrus crispus<\/em>. Um dos principais constituintes desta alga vermelha \u00e9 o dipept\u00eddeo citruil-arginina, rico em nitrog\u00eanio. Bioenergizante mitocondrial, aumenta a s\u00edntese de NO end\u00f3geno, estimula a s\u00edntese de ATP na mitoc\u00f4ndria, melhora o fluxo sangu\u00edneo, a\u00e7\u00e3o anti-inflamat\u00f3ria reduzindo IL-8, a\u00e7\u00e3o detoxificante e protetora do DNA, pela a\u00e7\u00e3o da taurina associada a mol\u00e9cula.<\/p>\n<p>&nbsp;<\/p>\n<p><strong>Dimpless: <\/strong>Concentrado freeze-drying de uma varia\u00e7\u00e3o diferenciada do mel\u00e3o de Cantaloupe.\u00a0 Esta esp\u00e9cie Curcumis melo L. clipper. Esta varia\u00e7\u00e3o possui uma alta concentra\u00e7\u00e3o de super\u00f3xido dismutase (SOD), um dos mais poderosos antioxidantes.\u00a0 Dimpless possui potente a\u00e7\u00e3o antioxidante e anti-inflamat\u00f3ria. Propriedade antifibr\u00f3tico por modular o TGF\u03b2. Previne a produ\u00e7\u00e3o de radicais livres e sua consequ\u00eancia sobre a fibrose. Favorece a melhora do metabolismo lip\u00eddico atrav\u00e9s da redu\u00e7\u00e3o da atividade de LPL (lipoprote\u00edna l\u00edpase). \u00c9 capaz de agir diretamente nas c\u00e9lulas do tecido adiposo, resultando em aumento da lip\u00f3lise e diminui\u00e7\u00e3o do di\u00e2metro dos adip\u00f3citos. Atua na preven\u00e7\u00e3o do envelhecimento provocado pela exposi\u00e7\u00e3o aos raios UV.\u00a0 Eficaz na preven\u00e7\u00e3o do aparecimento de cabelos brancos.<\/p>\n<p>&nbsp;<\/p>\n<p><strong>DMAE: <\/strong>Dimetilaminoetanol, uma subst\u00e2ncia natural largamente encontrada em peixes, especialmente salm\u00e3o; age nas fibras musculares, provocando seu endurecimento e promovendo menos flacidez, pele mais esticada e, consequentemente, menos rugas; participa na convers\u00e3o da colina em acetilcolina.<\/p>\n<p>&nbsp;<\/p>\n<p><strong>Exsynutriment:<\/strong> Igualmente chamado de \u00e1cido ortosil\u00edcico, sil\u00edcio org\u00e2nico hidrossol\u00favel. Promove alta hidrata\u00e7\u00e3o cut\u00e2nea, aumenta s\u00edntese de col\u00e1geno e elastina, potencializa a fixa\u00e7\u00e3o do c\u00e1lcio no tecido \u00f3sseo. Age no endot\u00e9lio vascular e por isso \u00e9 considerado um mineral protetor contra problemas circulat\u00f3rios. No espa\u00e7o subcut\u00e2neo, o sil\u00edcio tem a fun\u00e7\u00e3o de desintoxicar o tecido atrav\u00e9s da melhora da fun\u00e7\u00e3o vascular.<\/p>\n<p>&nbsp;<\/p>\n<p><strong>Oli Ola: <\/strong>Extrato 100% natural, obtido exclusivamente do fruto da oliveira. Padronizado<\/p>\n<p>no m\u00ednimo em 3% Hidroxitirosol, um antioxidante potente. Contribui para a melhora da hiperpigmenta\u00e7\u00e3o da pele por retardar as rea\u00e7\u00f5es oxidativas envolvidas na melanog\u00eanese. Induz a express\u00e3o g\u00eanica da Mn-SOD, minimizando os n\u00edveis de ROS nas Mitoc\u00f4ndrias, otimizando os processos energ\u00e9ticos celulares. Estimula a produ\u00e7\u00e3o de \u00d3xido N\u00edtrico (NO), modulando a s\u00edntese de genes envolvidos na diferencia\u00e7\u00e3o de queratin\u00f3citos, estimulando a renova\u00e7\u00e3o celular e melhorando a textura da pele. Atua na prote\u00e7\u00e3o contra os danos oxidativos provocados pela radia\u00e7\u00e3o UVB atrav\u00e9s da atividade anti-inflamat\u00f3ria e antioxidante.<\/p>\n<p>&nbsp;<\/p>\n<p><strong>Resveratrol Trans: <\/strong>Flavonoide oriundo da casca da uva, possui fortes propriedades antioxidantes, anti-inflamat\u00f3ria, fortalecedoras do sistema imunit\u00e1rio, entre outras. Atua estimulando as sirtu\u00ednas (enzimas reguladoras dos mecanismos de longevidade), modulando a express\u00e3o de v\u00e1rios genes. Ativa a produ\u00e7\u00e3o de mitoc\u00f4ndrias (geradoras de energia), aumentando a energia celular. Ainda, participa da regula\u00e7\u00e3o do metabolismo de carboidratos e lip\u00eddios.<\/p>\n<p>&nbsp;<\/p>\n<p><strong>Scutellaria baicalensis<\/strong>: Radix Scutellaria conhecida na China como Huang Qin provem das ra\u00edzes secas as Scutellaria baicalensis Georgi. Retarda alguns fen\u00f4menos associados ao envelhecimento atuando \u00e1 n\u00edvel de energia celular. Absorve efetivamente os raios UV. Tem propriedades antioxidantes e anti-inflamat\u00f3rias que podem atrasar o processo de fotoenvelhecimento. Protege fibroblastos das respostas ao envelhecimento induzidas pela radia\u00e7\u00e3o UVA. Excelente produto para longevidade devido sua influ\u00eancia no aumento de Sirtu\u00ednas e AMPK.<\/p>\n<p>&nbsp;<\/p>\n<p><strong>Verisol: <\/strong>Alimento funcional voltado aos cuidados com a pele, que age de dentro para fora, atenuando e prevenindo os sinais do tempo. VERISOL \u00e9 uma combina\u00e7\u00e3o \u00fanica de Pept\u00eddeos Bioativos de Col\u00e1geno, obtidos a partir de um processo tecnol\u00f3gico especial e patenteado, que origina pept\u00eddeos espec\u00edficos para atuar nas c\u00e9lulas d\u00e9rmicas e, assim, estimular e restaurar o metabolismo destas c\u00e9lulas de dentro para fora. Suaviza os sinais do tempo e melhora a elasticidade cut\u00e2nea, restabelece a hidrata\u00e7\u00e3o cut\u00e2nea e reduz o volume das rugas. Estimula a produ\u00e7\u00e3o de col\u00e1geno e proteoglicanas na pele, respons\u00e1veis por manter a pele firme e hidratada.<\/p>\n<p>&nbsp;<\/p>\n<p>&nbsp;<\/p>\n<p><strong>\u00a0<\/strong><\/p>\n<p><strong>\u00a0<\/strong><\/p>\n<p><strong>\u00a0<\/strong><\/p>\n<p><strong>\u00a0<\/strong><\/p>\n<p><strong>\u00a0<\/strong><\/p>\n<p><strong>\u00a0<\/strong><\/p>\n<p><strong>\u00a0<\/strong><\/p>\n<p><strong>\u00a0<\/strong><\/p>\n<p><strong>\u00a0<\/strong><\/p>\n<p><strong>\u00a0<\/strong><\/p>\n<p><strong>\u00a0<\/strong><\/p>\n<p><strong>\u00a0<\/strong><\/p>\n<p><strong>\u00a0<\/strong><\/p>\n<p><strong>\u00a0<\/strong><\/p>\n<p><strong>\u00a0<\/strong><\/p>\n<p><strong>ADVERT\u00caNCIAS:<\/strong><\/p>\n<p>Nunca compre medicamento sem orienta\u00e7\u00e3o de um profissional<\/p>\n<p>Fale com seu m\u00e9dico, farmac\u00eautico ou demais profissionais da sa\u00fade legalmente habilitados.<\/p>\n<p>.<\/p>\n<p><span style=\"font-size: 14.4px;\"><a href=\"https:\/\/hervas-pharmacia.com.br\/novo\/contato\/\" class=\"button primary is-primary is-medium\"  >\n    <span>CONTATO<\/span>\n  <\/a>\n<\/span><\/p>\n","protected":false},"featured_media":1228,"template":"","meta":[],"product_cat":[34],"product_tag":[],"_links":{"self":[{"href":"https:\/\/hervas-pharmacia.com.br\/novo\/wp-json\/wp\/v2\/product\/560"}],"collection":[{"href":"https:\/\/hervas-pharmacia.com.br\/novo\/wp-json\/wp\/v2\/product"}],"about":[{"href":"https:\/\/hervas-pharmacia.com.br\/novo\/wp-json\/wp\/v2\/types\/product"}],"wp:featuredmedia":[{"embeddable":true,"href":"https:\/\/hervas-pharmacia.com.br\/novo\/wp-json\/wp\/v2\/media\/1228"}],"wp:attachment":[{"href":"https:\/\/hervas-pharmacia.com.br\/novo\/wp-json\/wp\/v2\/media?parent=560"}],"wp:term":[{"taxonomy":"product_cat","embeddable":true,"href":"https:\/\/hervas-pharmacia.com.br\/novo\/wp-json\/wp\/v2\/product_cat?post=560"},{"taxonomy":"product_tag","embeddable":true,"href":"https:\/\/hervas-pharmacia.com.br\/novo\/wp-json\/wp\/v2\/product_tag?post=560"}],"curies":[{"name":"wp","href":"https:\/\/api.w.org\/{rel}","templated":true}]}}