{"id":561,"date":"2020-08-30T20:43:48","date_gmt":"2020-08-30T23:43:48","guid":{"rendered":"https:\/\/hervas-pharmacia.com.br\/novo\/?post_type=product&#038;p=561"},"modified":"2023-04-11T07:59:34","modified_gmt":"2023-04-11T10:59:34","slug":"longevidade-saudavel","status":"publish","type":"product","link":"https:\/\/hervas-pharmacia.com.br\/novo\/longevidade-saudavel\/longevidade-saudavel\/","title":{"rendered":"Longevidade saud\u00e1vel"},"content":{"rendered":"","protected":false},"excerpt":{"rendered":"<p>Em tempos de longevidade, buscar o equil\u00edbrio org\u00e2nico \u00e9 fundamental para uma vida saud\u00e1vel. Envelhecer mantendo a sensa\u00e7\u00e3o de bem-estar, vigor f\u00edsico, prevenindo situa\u00e7\u00f5es que podem levar ao adoecimento \u00e9 uma pr\u00e1tica preventiva e para que isso ocorra \u00e9 necess\u00e1rio buscar o equil\u00edbrio entre corpo, mente e esp\u00edrito.<\/p>\n<p>&nbsp;<\/p>\n<p>O objetivo da terapia Biomolecular e Longevidade \u00e9 a preven\u00e7\u00e3o de doen\u00e7as e desequil\u00edbrio org\u00e2nico e isso ocorre com utiliza\u00e7\u00e3o de ativos com a\u00e7\u00f5es que evitam ou minimizam diversos fatores que podem levar a diversas patologias, estabelecendo pilares para alcan\u00e7ar uma Longevidade saud\u00e1vel.<\/p>\n<p>Algumas dicas importantes para obter uma longevidade saud\u00e1vel:<\/p>\n<p>&nbsp;<\/p>\n<ul>\n<li>Se alimente bem, tenha uma nutri\u00e7\u00e3o suplementar equilibrada<\/li>\n<li>Controle seu emocional, cuidando de sua mente e corpo<\/li>\n<li>Pratique atividades f\u00edsicas com frequ\u00eancia<\/li>\n<li>Tenha um sono de qualidade e tempo adequado<\/li>\n<li>Fa\u00e7a acompanhamento regular com seu m\u00e9dico e demais profissionais da sa\u00fade<\/li>\n<\/ul>\n<p>&nbsp;<\/p>\n<p><strong>Importante tamb\u00e9m para uma longevidade ativa, manter o sistema imunol\u00f3gico funcionando corretamente, bem como, um equil\u00edbrio da microbiota intestinal.<\/strong><\/p>\n<p>De fato, hoje se sabe que o intestino representa muito para o equil\u00edbrio e a sa\u00fade do organismo humano. Devido n\u00e3o apenas \u00e0s suas fun\u00e7\u00f5es digestivas e absortivas, mas especialmente \u00e0s suas fun\u00e7\u00f5es imunol\u00f3gicas e de barreira, que conseguem harmonizar a conviv\u00eancia m\u00fatua de trilh\u00f5es de bact\u00e9rias presentes no l\u00famen intestinal com o hospedeiro.<\/p>\n<p><strong>\u00a0<\/strong><\/p>\n<p><strong>Ativos que podem auxiliar na terapia Biomolecular e Longevidade saud\u00e1vel<\/strong><\/p>\n<p><strong>\u00a0<\/strong><\/p>\n<p><strong>\u00a0\u00a0\u00a0\u00a0 \u221a CURCUMINA\u00a0\u00a0\u00a0\u00a0 \u221a RESVERATROL\u00a0\u00a0\u00a0 \u221a SCUTELLARIA BAICALENSIS<\/strong><\/p>\n<p><strong>\u00a0<\/strong><\/p>\n<p>Ativos com potentes a\u00e7\u00f5es: antioxidante, anti-inflamat\u00f3ria, anti tumoral, neuroprotetora e cardioprotetora. Atua na longevidade por sua influ\u00eancia no aumento de Sirtu\u00ednas e AMPK. A\u00e7\u00e3o na redu\u00e7\u00e3o de les\u00e3o oxidativa e redu\u00e7\u00e3o de fatores inflamat\u00f3rios que causam degenera\u00e7\u00e3o e na modula\u00e7\u00e3o da bioqu\u00edmica celular. Estimula o sistema imunol\u00f3gico.<\/p>\n<p><strong>Demais ativos auxiliares:<\/strong><\/p>\n<ul>\n<li>Altilix<\/li>\n<li>Dimpless<\/li>\n<li>Nutricolin<\/li>\n<li>Resveravine<\/li>\n<li>Tocotrimax<\/li>\n<\/ul>\n<p><strong>\u00a0<\/strong><\/p>\n<p><strong>Altilix: <\/strong>Possui altas concentra\u00e7\u00f5es de \u00c1cido clorog\u00eanico, Luteolina-7-glucos\u00eddeo e Cinarina. O \u00e1cido clorog\u00eanico ativa a prote\u00edna quinase (AMPK) e, consequentemente, o cofator transcricional PGC-1\u03b1. Estudos recentes t\u00eam demonstrado as fun\u00e7\u00f5es deste cofator na regula\u00e7\u00e3o do metabolismo oxidativo mitocondrial, e deste modo, Altilix contribui no aumento da biog\u00eanese mitocondrial e oxida\u00e7\u00e3o de \u00e1cidos graxos via AMPK.<\/p>\n<p><strong>\u00a0<\/strong><\/p>\n<p><strong>Dimpless:<\/strong> Concentrado liofilizado do mel\u00e3o de Cantaloupe, rico em Super\u00f3xido Dismutase (SOD) e outros antioxidantes prim\u00e1rios e secund\u00e1rios. Atua atrav\u00e9s do est\u00edmulo da produ\u00e7\u00e3o de antioxidantes end\u00f3genos via NRF-2, al\u00e9m de inibir a forma\u00e7\u00e3o dos radicais livres. Assim, Dimpless colabora no cuidado dos sintomas relacionados a elevada produ\u00e7\u00e3o de radicais livres pelo estresse, como fadiga f\u00edsica e mental. \u00a0Auxilia na prote\u00e7\u00e3o cerebral contra o estresse oxidativo e na melhora da capacidade cognitiva.<\/p>\n<p>&nbsp;<\/p>\n<p><strong>Nutricolin: <\/strong>Nutricolin \u00e9 o \u00e1cido ortossil\u00edcico estabilizado em colina, uma fonte altamente biodispon\u00edvel de sil\u00edcio. Pode contribuir na preven\u00e7\u00e3o dos efeitos neurot\u00f3xicos causados pelo ac\u00famulo de alum\u00ednio, colaborando na manuten\u00e7\u00e3o da sa\u00fade e longevidade cerebral.<\/p>\n<p><strong>\u00a0<\/strong><\/p>\n<p><strong>Resveravine: <\/strong>Ativo 100% natural, obtido das videiras francesas. Combina os efeitos sin\u00e9rgicos do trans-resveratrol com \u03b5-Viniferin, potencializando a a\u00e7\u00e3o antioxidante do resveratrol e proporcionando diversos benef\u00edcios na manuten\u00e7\u00e3o da homeostase e juventude celular.<\/p>\n<p><strong>\u00a0<\/strong><\/p>\n<p><strong>Tocotrimax: <\/strong>Obtido do farelo de arroz, possui uma combina\u00e7\u00e3o equilibrada e exclusiva entre tocotrienol (min. 8%) e tocoferol (min. 7%), proporcionando uma a\u00e7\u00e3o antioxidante potencializada. Contribui para aumentar a capacidade antioxidante end\u00f3gena, facilitando o processo fisiol\u00f3gico de autofagia, favorecendo a longevidade celular.<\/p>\n<p>&nbsp;<\/p>\n<p>&nbsp;<\/p>\n<p>&nbsp;<\/p>\n<p><strong>REEQUIL\u00cdBRIO DA MICROBIOTA INTESTINAL <\/strong><\/p>\n<p>Manter uma microbiota saud\u00e1vel \u00e9 de extrema import\u00e2ncia. Isto trar\u00e1 importantes resultados na melhora da digest\u00e3o e absor\u00e7\u00e3o de nutrientes, o que aumenta a produ\u00e7\u00e3o energ\u00e9tica, a recupera\u00e7\u00e3o, melhora o sistema imunol\u00f3gico, a qualidade do sono, aumenta a repara\u00e7\u00e3o de tecidos, a for\u00e7a e a performance.\u00a0 O consumo regular de probi\u00f3ticos e prebi\u00f3ticos ajuda na preven\u00e7\u00e3o de doen\u00e7as e na manuten\u00e7\u00e3o de um intestino saud\u00e1vel.<\/p>\n<p>&nbsp;<\/p>\n<p><strong>\u00a0\u00a0\u00a0 PROBI\u00d3TICOS, PREBI\u00d3TICOS E SIMBI\u00d3TICOS NA REGULA\u00c7\u00c3O INTESTINAL<\/strong><\/p>\n<p><strong>Prebi\u00f3ticos:<\/strong> s\u00e3o fibras n\u00e3o diger\u00edveis que afetam beneficamente o hospedeiro, por estimularem seletivamente a prolifera\u00e7\u00e3o e\/ou atividade de popula\u00e7\u00f5es de bact\u00e9rias desej\u00e1veis no c\u00f3lon. Previne nosso organismo contra a diarr\u00e9ia, constipa\u00e7\u00e3o e colaboram na melhora geral do funcionamento e regula\u00e7\u00e3o do intestino.<\/p>\n<p><strong>Probi\u00f3ticos:<\/strong> s\u00e3o organismos vivos que em quantidade adequada melhoram a sa\u00fade do hospedeiro.<\/p>\n<p><strong>Simbi\u00f3ticos:<\/strong> s\u00e3o suplementos alimentares que combinam probi\u00f3ticos e prebi\u00f3ticos, atuando sobre a microbiota intestinal para beneficiar a sa\u00fade do indiv\u00edduo.<\/p>\n<p>&nbsp;<\/p>\n<p><strong>Os benef\u00edcios dos probi\u00f3ticos s\u00e3o:<\/strong><\/p>\n<p><strong>\u00a0<\/strong><\/p>\n<ul>\n<li>Est\u00edmulo da imunidade<\/li>\n<li>Resist\u00eancia do intestino aos pat\u00f3genos (organismos que causam doen\u00e7as)<\/li>\n<li>Equil\u00edbrio intestinal ap\u00f3s uso de antibi\u00f3ticos<\/li>\n<li>Al\u00edvio de constipa\u00e7\u00e3o (pris\u00e3o de ventre)<\/li>\n<li>Promo\u00e7\u00e3o da digest\u00e3o da lactose em indiv\u00edduos intolerantes \u00e0 lactose<\/li>\n<li>Aumento da absor\u00e7\u00e3o de minerais e produ\u00e7\u00e3o de vitaminas, entre outros<\/li>\n<\/ul>\n<p><strong>Os prebi\u00f3ticos contribuem para:<\/strong><\/p>\n<p><strong>\u00a0<\/strong><\/p>\n<ul>\n<li>Regulagem da absor\u00e7\u00e3o de c\u00e1lcio<\/li>\n<li>Redu\u00e7\u00e3o do risco de c\u00e2ncer de c\u00f3lon, entre outros<\/li>\n<li>Inibi\u00e7\u00e3o da multiplica\u00e7\u00e3o de pat\u00f3genos (causadores de doen\u00e7as)<\/li>\n<li>Aumento de bact\u00e9rias ben\u00e9ficas no intestino, entre outros<\/li>\n<\/ul>\n<p>&nbsp;<\/p>\n<p><strong>Os simbi\u00f3ticos contribuem para:<\/strong><\/p>\n<p><strong>\u00a0<\/strong><\/p>\n<ul>\n<li>Melhora o sistema imune<\/li>\n<li>Melhora o transito intestinal<\/li>\n<li>Reduz as infec\u00e7\u00f5es intestinais<\/li>\n<li>Aumento da massa magra<\/li>\n<li>Equil\u00edbrio da flora intestinal<\/li>\n<li>Desintoxica\u00e7\u00e3o do organismo<\/li>\n<\/ul>\n<p>&nbsp;<\/p>\n<p><strong>ADVERT\u00caNCIAS:<\/strong><\/p>\n<p>Nunca compre medicamento sem orienta\u00e7\u00e3o de um profissional<\/p>\n<p>Fale com seu m\u00e9dico, farmac\u00eautico ou demais profissionais da sa\u00fade legalmente habilitados.<\/p>\n<p><span style=\"font-size: 14.4px;\"><a href=\"https:\/\/hervas-pharmacia.com.br\/novo\/contato\/\" class=\"button primary is-primary is-medium\"  >\n    <span>CONTATO<\/span>\n  <\/a>\n<\/span><\/p>\n","protected":false},"featured_media":901,"template":"","meta":[],"product_cat":[35],"product_tag":[],"_links":{"self":[{"href":"https:\/\/hervas-pharmacia.com.br\/novo\/wp-json\/wp\/v2\/product\/561"}],"collection":[{"href":"https:\/\/hervas-pharmacia.com.br\/novo\/wp-json\/wp\/v2\/product"}],"about":[{"href":"https:\/\/hervas-pharmacia.com.br\/novo\/wp-json\/wp\/v2\/types\/product"}],"wp:featuredmedia":[{"embeddable":true,"href":"https:\/\/hervas-pharmacia.com.br\/novo\/wp-json\/wp\/v2\/media\/901"}],"wp:attachment":[{"href":"https:\/\/hervas-pharmacia.com.br\/novo\/wp-json\/wp\/v2\/media?parent=561"}],"wp:term":[{"taxonomy":"product_cat","embeddable":true,"href":"https:\/\/hervas-pharmacia.com.br\/novo\/wp-json\/wp\/v2\/product_cat?post=561"},{"taxonomy":"product_tag","embeddable":true,"href":"https:\/\/hervas-pharmacia.com.br\/novo\/wp-json\/wp\/v2\/product_tag?post=561"}],"curies":[{"name":"wp","href":"https:\/\/api.w.org\/{rel}","templated":true}]}}