{"id":564,"date":"2020-08-30T20:56:11","date_gmt":"2020-08-30T23:56:11","guid":{"rendered":"https:\/\/hervas-pharmacia.com.br\/novo\/?post_type=product&#038;p=564"},"modified":"2023-04-11T07:55:13","modified_gmt":"2023-04-11T10:55:13","slug":"neurologia-e-saude-mental","status":"publish","type":"product","link":"https:\/\/hervas-pharmacia.com.br\/novo\/neurologia-e-saude-mental\/neurologia-e-saude-mental\/","title":{"rendered":"Neurologia e Sa\u00fade Mental"},"content":{"rendered":"","protected":false},"excerpt":{"rendered":"<p>As doen\u00e7as neurol\u00f3gicas s\u00e3o aquelas que afetam o bom funcionamento do c\u00e9rebro, medula espinhal e nervos. Podem ter como causas diversos fatores e nem sempre \u00e9 poss\u00edvel evit\u00e1-las, mas existem h\u00e1bitos saud\u00e1veis para auxiliar na preven\u00e7\u00e3o, como:<\/p>\n<ul>\n<li>Manter uma alimenta\u00e7\u00e3o saud\u00e1vel e equilibrada<\/li>\n<\/ul>\n<ul>\n<li>Evitar o consumo de bebidas alc\u00f3olicas<\/li>\n<li>N\u00e3o fumar<\/li>\n<li>Praticar atividades f\u00edsicas de maneira regular<\/li>\n<li>Controlar as emo\u00e7\u00f5es e os n\u00edveis elevados de estresse, bem como, cuidar da qualidade do sono e das horas de descanso<\/li>\n<li>Praticar exerc\u00edcios que estimulem o c\u00e9rebro, como manter o h\u00e1bito de leitura, resolver jogos de l\u00f3gica, entre outras atividades para manter a mente ativa.<\/li>\n<\/ul>\n<p>&nbsp;<\/p>\n<p>A Neurologia e a sa\u00fade mental est\u00e3o bastante ligadas, na medida em que a Sa\u00fade Mental pressup\u00f5e um bom funcionamento e integridade do c\u00f3rtex cerebral.<\/p>\n<p>As desordens\u00a0neurol\u00f3gicas\u00a0envolvem mal funcionamento ou dano do sistema nervoso (c\u00e9rebro, medula ou nervos). J\u00e1 nas\u00a0doen\u00e7as\u00a0mentais a estrutura do sistema nervoso pode estar intacta mas podem existir altera\u00e7\u00f5es no estado emocional ou no comportamento.<\/p>\n<p>As altera\u00e7\u00f5es org\u00e2nicas do sistema nervoso central e perif\u00e9rico podem decorrer de doen\u00e7as degenerativas, de origem infecciosa, vascular, traum\u00e1ticas, entre outras. Por isso, a qualquer sinal de alerta, procure rapidamente um neurologista.<br \/>\nPodem manifestar-se como dores de cabe\u00e7a frequentes e\/ou intensas, falta de mem\u00f3ria, cansa\u00e7o e fadiga excessiva, tremores, dores e\/ou formigueiros nos p\u00e9s e membros inferiores,\u00a0 tonturas, vertigens, desiquil\u00edbrios, entre outros.<\/p>\n<p>A sa\u00fade mental pode ser afetada por altera\u00e7\u00f5es emocionais e comportamentais. As mais comuns s\u00e3o: depress\u00e3o, ansiedade, transtornos alimentares e de personalidade. Transtornos psiqui\u00e1tricos podem tamb\u00e9m estar associados a doen\u00e7a neurol\u00f3gica, como transtorno de ansiedade em pacientes com enxaqueca e os quadros depressivos vinculados \u00e0s doen\u00e7as cerebrovasculares, como pacientes que tiveram sequelas do AVC.<\/p>\n<p>&nbsp;<\/p>\n<p>A\u00a0sa\u00fade mental\u00a0define o nosso bem-estar emocional, psicol\u00f3gico e social. Afeta a maneira como pensamos, sentimos e agimos. Determina como lidamos com o estresse do dia-a-dia e na maneira como nos relacionamos com as pessoas e como tomamos decis\u00f5es.<\/p>\n<p>Cuidar da sa\u00fade mental evita o desencadeamento de diversas doen\u00e7as, como a depress\u00e3o e ansiedade, bem como, auxilia ter mais qualidade de vida.<\/p>\n<p><strong>Ativos que podem auxiliar na melhora dos dist\u00farbios do sono e depress\u00e3o<\/strong><\/p>\n<p><strong>\u00a0<\/strong><\/p>\n<ul>\n<li>Dimpless<\/li>\n<li>Griffonia simplicifolia<\/li>\n<li>Saffrin<\/li>\n<li>Serenzo<\/li>\n<\/ul>\n<p>&nbsp;<\/p>\n<p><strong>Dimpless<\/strong> atrav\u00e9s de sua a\u00e7\u00e3o antioxidante, combate a forma\u00e7\u00e3o e a\u00e7\u00e3o de esp\u00e9cies reativas de oxig\u00eanio (ROS) e promove uma melhora na qualidade do sono.<\/p>\n<p><strong>Saffrin<\/strong> modula dopamina e norepinefrina e al\u00e9m da potente a\u00e7\u00e3o antioxidante, proporciona diminui\u00e7\u00e3o da recapta\u00e7\u00e3o de serotonina, que tem sua s\u00edntese estimulada com a a\u00e7\u00e3o da <strong>Griffonia<\/strong>.<\/p>\n<p><strong>Serenzo<\/strong> diminui os marcadores inflamat\u00f3rios, principalmente TNF-alfa e promove modula\u00e7\u00e3o do cortisol, favorecendo a diminui\u00e7\u00e3o da ansiedade e do estresse, trazendo uma melhoria auxiliar na qualidade do sono.<\/p>\n<p>&nbsp;<\/p>\n<p><strong>Ativos que podem auxiliar na melhora da cogni\u00e7\u00e3o e redu\u00e7\u00e3o da irritabilidade e estresse<\/strong><\/p>\n<p><strong>\u00a0<\/strong><\/p>\n<ul>\n<li>Berberina<\/li>\n<li>L-Theanina<\/li>\n<li>Neuravena<\/li>\n<li>Saffrin<\/li>\n<li>Serenzo<\/li>\n<\/ul>\n<p>&nbsp;<\/p>\n<p><strong>Berberina<\/strong> \u00e9 um alcal\u00f3ide produzido por algumas plantas, apresentando a\u00e7\u00f5es ansiol\u00edticas.<\/p>\n<p><strong>L-Theanina<\/strong> promove a\u00e7\u00e3o relaxante, por\u00e9m sem causar seda\u00e7\u00e3o, mantendo a aten\u00e7\u00e3o e disposi\u00e7\u00e3o.<\/p>\n<p><strong>Neuravena<\/strong> contribui para a melhora do desempenho cognitivo em situa\u00e7\u00f5es estressantes.<\/p>\n<p><strong>Saffrin<\/strong> e <strong>Serenzo<\/strong> \u00e9 uma associa\u00e7\u00e3o que favorece a diminui\u00e7\u00e3o da irritabilidade, da ansiedade e a normaliza\u00e7\u00e3o dos n\u00edveis de cortisol, contribuindo para o reestabelecimento do equil\u00edbrio emocional e controle do estresse.<\/p>\n<p>&nbsp;<\/p>\n<p>&nbsp;<\/p>\n<p><strong>Ativos que podem auxiliam na qualidade do sono, melhorar fadiga e estresse f\u00edsico e mental<\/strong><\/p>\n<p>&nbsp;<\/p>\n<ul>\n<li>ETAS<\/li>\n<li>Lactium<\/li>\n<li>L-Theanina<\/li>\n<li>Phenibut<\/li>\n<\/ul>\n<p>&nbsp;<\/p>\n<p><strong>ETAS<\/strong> reduz fadiga, equilibra o sistema nervoso e tem a\u00e7\u00e3o adaptog\u00eanica.<\/p>\n<p><strong>Lactium<\/strong> melhora os sintomas de estresse f\u00edsico e mental.<\/p>\n<p><strong>L-Theanina<\/strong> aumenta a libera\u00e7\u00e3o de Serotonina e Dopamina.<\/p>\n<p><strong>Phenibut<\/strong> aumenta a libera\u00e7\u00e3o de GABA.<\/p>\n<p>&nbsp;<\/p>\n<p><strong>Ativos que pode auxiliar na mem\u00f3ria, cogni\u00e7\u00e3o e concentra\u00e7\u00e3o<\/strong><\/p>\n<p><strong>\u00a0<\/strong><\/p>\n<ul>\n<li>Bacopa Monnieri<\/li>\n<li>Colina Bitartarato<\/li>\n<li>Fosfatidil Serina<\/li>\n<li>Ginseng<\/li>\n<li>Magn\u00e9sio Glicina<\/li>\n<li>PQQ (Pirroloquinolinaquinona)<\/li>\n<li>Resveratrol<\/li>\n<li>Rhodiola Rosea<\/li>\n<li>Synapsa<\/li>\n<li>Ubiquinol<\/li>\n<li>Zinco<\/li>\n<\/ul>\n<p><strong><u>\u00a0<\/u><\/strong><\/p>\n<p><strong>Bacopa Monnieri: <\/strong>planta adapt\u00f3gena utilizada na medicina Ayurv\u00e9dica. Est\u00e1 indicado para potencializar a mem\u00f3ria, aprendizagem e concentra\u00e7\u00e3o, diminui o estresse mental auxiliando na preven\u00e7\u00e3o da doen\u00e7a de Alzheimer.<\/p>\n<p><strong>\u00a0<\/strong><\/p>\n<p><strong>Colina Bitartarato: <\/strong>\u00a0a colina \u00e9 essencial para o funcionamento cerebral, pois, al\u00e9m de fazer parte da estrutura do neur\u00f4nio, \u00e9 precursora de um dos mais importantes neurotransmissores, a acetilcolina. Auxiliar nos dist\u00farbios da mem\u00f3ria e Alzheimer.<\/p>\n<p>&nbsp;<\/p>\n<p><strong>Fosfatidil Serina: <\/strong>fosfol\u00edpideo, componente das membranas celulares, envolvido em muitos aspectos da transmiss\u00e3o transmembrana, essencial \u00e0 fun\u00e7\u00e3o neuronal no SNC. Indicada nas S\u00edndromes de deteriora\u00e7\u00e3o cognitiva pr\u00e9-senil e senil; Envelhecimento cerebral e Dist\u00farbios da mem\u00f3ria.<\/p>\n<p>&nbsp;<\/p>\n<p><strong>Ginseng: <\/strong>planta herb\u00e1cea com diversos benef\u00edcios ao organismo, entre eles: melhora da circula\u00e7\u00e3o sangu\u00ednea, diminui cortisol, melhora da mem\u00f3ria e concentra\u00e7\u00e3o.<\/p>\n<p><strong>\u00a0<\/strong><\/p>\n<p><strong>Magn\u00e9sio Glicina: <\/strong>importante mineral envolvido em in\u00fameras rea\u00e7\u00f5es org\u00e2nicas. O magn\u00e9sio aumenta a plasticidade sin\u00e1ptica e a densidade das sinapses no hipocampo, \u00a0zona do c\u00e9rebro que aloja a mem\u00f3ria, gerando uma melhora nas habilidades de aprendizado e das mem\u00f3rias de curto e longo prazo.<\/p>\n<p>&nbsp;<\/p>\n<p><strong>PQQ:<\/strong> A Pirroloquinolinaquinona tem demonstrado efeitos protetores na mem\u00f3ria e cogni\u00e7\u00e3o, al\u00e9m de sua potente a\u00e7\u00e3o antioxidante no combate ao estresse oxidativo. A\u00e7\u00e3o neuroprotetora.<\/p>\n<p>&nbsp;<\/p>\n<p><strong>Resveratrol: <\/strong>Flavon\u00f3ide da casca da uva possui fortes propriedades antioxidantes. Reduz les\u00f5es oxidativas, promove a longevidade e atenua doen\u00e7as neurodegenerativas.<\/p>\n<p>&nbsp;<\/p>\n<p><strong>Rhodiola Rosea: <\/strong>planta adaptog\u00eanica nativa da Sib\u00e9ria \u00e1rtica muito utilizada pela cultura da Europa oriental e asi\u00e1tica para melhorar a resist\u00eancia f\u00edsica, a produtividade, a longevidade, fadiga, e desordens do Sistema Nervoso. Melhora a concentra\u00e7\u00e3o e a mem\u00f3ria.<\/p>\n<p>&nbsp;<\/p>\n<p><strong>Synapsa: <\/strong>produto natural, padronizado em bacos\u00eddeos, com a\u00e7\u00e3o no incremento da performance mental. Maior capacidade de processar e reten\u00e7\u00e3o de novas informa\u00e7\u00f5es. Suporta um melhor desempenho em testes cognitivos exigentes. Melhora a taxa de aprendizado e mem\u00f3ria. Melhora a precis\u00e3o em multitarefas e melhora a performance mental.<\/p>\n<p>&nbsp;<\/p>\n<p><strong>Ubiquinol: <\/strong>\u00e9 a Coenzima Q-10 na sua forma reduzida e com potente a\u00e7\u00e3o antioxidante atuando com efici\u00eancia no estresse oxidativo. Melhora a mem\u00f3ria e limita os danos causados \u200b\u200bpela\u00a0<strong>amil\u00f3ide<\/strong>, uma prote\u00edna prejudicial que est\u00e1 implicada na deteriora\u00e7\u00e3o da fun\u00e7\u00e3o cerebral.<\/p>\n<p>&nbsp;<\/p>\n<p><strong>Zinco: <\/strong>mineral presente em todas as partes do corpo e tem m\u00faltiplas fun\u00e7\u00f5es. Desempenha um papel importante na regula\u00e7\u00e3o da forma como os neur\u00f4nios se comunicam uns com os outros, o que afeta a mem\u00f3ria e o aprendizado.<\/p>\n<p><strong><u>\u00a0<\/u><\/strong><\/p>\n<p><strong><u>\u00a0<\/u><\/strong><\/p>\n<p>&nbsp;<\/p>\n<p>&nbsp;<\/p>\n<p>&nbsp;<\/p>\n<p>&nbsp;<\/p>\n<p>&nbsp;<\/p>\n<p>&nbsp;<\/p>\n<p><strong>ADVERT\u00caNCIAS:<\/strong><\/p>\n<p>Nunca compre medicamento sem orienta\u00e7\u00e3o de um profissional<\/p>\n<p>Fale com seu m\u00e9dico, farmac\u00eautico ou demais profissionais da sa\u00fade legalmente habilitados.<\/p>\n<p>.<\/p>\n<a href=\"https:\/\/hervas-pharmacia.com.br\/novo\/contato\/\" class=\"button primary is-primary is-medium\"  >\n    <span>CONTATO<\/span>\n  <\/a>\n\n","protected":false},"featured_media":896,"template":"","meta":[],"product_cat":[46],"product_tag":[],"_links":{"self":[{"href":"https:\/\/hervas-pharmacia.com.br\/novo\/wp-json\/wp\/v2\/product\/564"}],"collection":[{"href":"https:\/\/hervas-pharmacia.com.br\/novo\/wp-json\/wp\/v2\/product"}],"about":[{"href":"https:\/\/hervas-pharmacia.com.br\/novo\/wp-json\/wp\/v2\/types\/product"}],"wp:featuredmedia":[{"embeddable":true,"href":"https:\/\/hervas-pharmacia.com.br\/novo\/wp-json\/wp\/v2\/media\/896"}],"wp:attachment":[{"href":"https:\/\/hervas-pharmacia.com.br\/novo\/wp-json\/wp\/v2\/media?parent=564"}],"wp:term":[{"taxonomy":"product_cat","embeddable":true,"href":"https:\/\/hervas-pharmacia.com.br\/novo\/wp-json\/wp\/v2\/product_cat?post=564"},{"taxonomy":"product_tag","embeddable":true,"href":"https:\/\/hervas-pharmacia.com.br\/novo\/wp-json\/wp\/v2\/product_tag?post=564"}],"curies":[{"name":"wp","href":"https:\/\/api.w.org\/{rel}","templated":true}]}}