{"id":565,"date":"2020-08-30T21:24:03","date_gmt":"2020-08-31T00:24:03","guid":{"rendered":"https:\/\/hervas-pharmacia.com.br\/novo\/?post_type=product&#038;p=565"},"modified":"2023-04-11T08:02:27","modified_gmt":"2023-04-11T11:02:27","slug":"manipulacao-oral","status":"publish","type":"product","link":"https:\/\/hervas-pharmacia.com.br\/novo\/manipulacao-oral\/manipulacao-oral\/","title":{"rendered":"Manipula\u00e7\u00e3o Oral e T\u00f3pica"},"content":{"rendered":"","protected":false},"excerpt":{"rendered":"<p>Os medicamentos manipulados, tamb\u00e9m conhecidos como medicamentos magistrais, s\u00e3o formula\u00e7\u00f5es personalizadas, preparadas com exclusividade para cada paciente, visando atender suas necessidades e individualidades de tratamento.<\/p>\n<p>&nbsp;<\/p>\n<p>S\u00e3o preparados a partir das f\u00f3rmulas padronizadas e reconhecidas pela Anvisa (Ag\u00eancia Nacional de Vigil\u00e2ncia Sanit\u00e1ria), e estabelecem em detalhes sua composi\u00e7\u00e3o, forma farmac\u00eautica, posologia e modo de usar, respeitando sempre as particularidades do indiv\u00edduo.<\/p>\n<p>&nbsp;<\/p>\n<p>Os medicamentos manipulados podem ser feitos sob diversas formas farmac\u00eauticas: solu\u00e7\u00e3o oral, envelope, c\u00e1psula, p\u00f3s, cremes e lo\u00e7\u00f5es t\u00f3picas, solu\u00e7\u00f5es capilares, dentre outros.<\/p>\n<p>&nbsp;<\/p>\n<p><strong>Formas Farmac\u00eauticas<\/strong><\/p>\n<p>&nbsp;<\/p>\n<p>Nossas formas farmac\u00eauticas s\u00e3o pensadas para atender as mais diferentes formas de administra\u00e7\u00e3o. Possu\u00edmos op\u00e7\u00f5es para personalizar ainda mais todos os tipos de tratamentos com ve\u00edculos de uso oral, retal, t\u00f3pico, vaginal, nasal, entre outras.<\/p>\n<p>&nbsp;<\/p>\n<p>Seu m\u00e9dico ou outro profissional da sa\u00fade legalmente habilitado, identificar\u00e1 e solicitar\u00e1 a melhor forma farmac\u00eautica para cada tratamento, visando sempre uma melhor ades\u00e3o do paciente ao tratamento e comodidade de uso e sempre respeitando tamb\u00e9m as caracter\u00edsticas e particularidades inerentes ao pr\u00f3prio f\u00e1rmaco.<\/p>\n<p>&nbsp;<\/p>\n<ul>\n<li><strong>Formas Farmac\u00eauticas Diferenciadas \u2013 Via Oral<\/strong><\/li>\n<\/ul>\n<p><strong>\u00a0<\/strong><\/p>\n<p>Pode ser prescrito as c\u00e1psulas tradicionais na qual passam pelo trato gastrointestinal, ou o prescritor pode personalizar o tratamento de seus pacientes, com isso otimizar a ades\u00e3o, beneficiando tamb\u00e9m o tratamento de crian\u00e7as e idosos que requer op\u00e7\u00f5es de formas farmac\u00eauticas diferenciadas.<\/p>\n<p>&nbsp;<\/p>\n<p><strong>Pastilhas de chocolate (barra): <\/strong>Ve\u00edculo funcional a base de cacau 70%, com baixo teor de calorias, sem a\u00e7\u00facar, sem gl\u00faten e lactose. Por ser altamente palat\u00e1vel \u00e9 indicado para pacientes de todas as idades e pode ser consumido por pessoas com restri\u00e7\u00f5es alimentares. Al\u00e9m disso, \u00e9 uma op\u00e7\u00e3o agrad\u00e1vel para quem est\u00e1 em dietas de gerenciamento de peso.<\/p>\n<p><strong>Base Xarope Aromatizado: <\/strong>Solu\u00e7\u00f5es orais l\u00edquidas desenvolvidas para pacientes com dificuldade de degluti\u00e7\u00e3o. S\u00e3o formula\u00e7\u00f5es isentas de a\u00e7ucares, corantes e edulcorantes artificiais.<\/p>\n<p>&nbsp;<\/p>\n<p><strong>C\u00e1psula Sublingual:<\/strong> C\u00e1psulas administradas debaixo da l\u00edngua. Permite uma entrada\u00a0mais r\u00e1pida\u00a0do f\u00e1rmaco no organismo. \u00c9 ideal para a\u00a0r\u00e1pida\u00a0absor\u00e7\u00e3o de pequenas doses.<\/p>\n<p>&nbsp;<\/p>\n<p><strong>Flaconete: <\/strong>Embalagem com doses individualizadas de ativos j\u00e1 dilu\u00eddos em uma pequena quantidade de l\u00edquido aromatizado, ou em p\u00f3.<\/p>\n<p>&nbsp;<\/p>\n<p><strong>Pastilha Mastig\u00e1vel (Goma): <\/strong>Ve\u00edculo gelatinoso de f\u00e1cil administra\u00e7\u00e3o indicado para pacientes de todas as idades. \u00c9 facilmente absorvido pelo organismo, al\u00e9m de ser livre de gl\u00faten, lactose e a\u00e7\u00facar. Possui sabor agrad\u00e1vel.<\/p>\n<p><strong>Sach\u00eas: <\/strong>Doses dispensadas de maneira individual em sach\u00ea aluminizado. Podendo ou n\u00e3o conter base aromatizada ou base efervescente. Bases desenvolvidas para corre\u00e7\u00e3o de sabores de diversos ativos, minerais e amino\u00e1cidos, com alta capacidade de mascaramento de sabores amargos e desagrad\u00e1veis. N\u00e3o contem lactose ou corantes. Pode ser ingerida por diab\u00e9ticos ou pacientes submetidos as dietas hipocal\u00f3ricas.<\/p>\n<p>&nbsp;<\/p>\n<p><strong>Shake:<\/strong> Alternativa \u00e0s f\u00f3rmulas em forma de c\u00e1psula, onde suas doses equivalem a um grande n\u00famero de c\u00e1psulas, facilitando ainda mais a ades\u00e3o ao tratamento al\u00e9m de serem indicados para pacientes com dificuldade de degluti\u00e7\u00e3o. Oferece comodidade posol\u00f3gica e base espec\u00edfica com corre\u00e7\u00e3o de sabor de diversos ativos. Base para dilui\u00e7\u00e3o em \u00e1gua ou suco e posterior administra\u00e7\u00e3o.<\/p>\n<p><strong>Solu\u00e7\u00e3o ou Spray Sublingual: <\/strong>Permite a absor\u00e7\u00e3o de f\u00e1rmacos que s\u00e3o destru\u00eddos pelo suco g\u00e1strico e ou fracamente absorvidos no trato gastrointestinal. Potencializa a absor\u00e7\u00e3o de f\u00e1rmacos sens\u00edveis ao pH g\u00e1strico.<\/p>\n<p>&nbsp;<\/p>\n<p>&nbsp;<\/p>\n<ul>\n<li><strong>Formas Farmac\u00eauticas Diferenciadas \u2013 Via T\u00f3pica<\/strong><\/li>\n<\/ul>\n<p><strong>\u00a0<\/strong><\/p>\n<p><strong>Via Transd\u00e9rmica &#8211; <\/strong><strong>Alta Absor\u00e7\u00e3o e Nanotecnologia: <\/strong>Esta via utiliza ve\u00edculo (gel ou creme) de permea\u00e7\u00e3o cut\u00e2nea de alta absor\u00e7\u00e3o, com a\u00e7\u00e3o sist\u00eamica e de alta performance. Os ve\u00edculos utilizados s\u00e3o formados por biolip\u00eddeos em bicamada lamelar desenvolvido por tecnologia lipossomal com forma\u00e7\u00e3o de part\u00edculas nanossomais que conferem propriedades funcionais e sensoriais que resultam em excelente dermocompatibilidade, melhorando a permeabilidade e biodisponibilidade dos ativos presentes na formula\u00e7\u00e3o, al\u00e9m de conferir reconstitui\u00e7\u00e3o e manuten\u00e7\u00e3o da barreira cut\u00e2nea e diminui\u00e7\u00e3o da perda de \u00e1gua transepidermal (TWEL).<\/p>\n<p>&nbsp;<\/p>\n<p><strong>Espuma Capilar: <\/strong>Base capilar com o objetivo de melhorar ainda mais a permeabilidade e a\u00e7\u00e3o da maioria dos f\u00e1rmacos para tratamentos capilares. Promove maior seguran\u00e7a na aplica\u00e7\u00e3o e maior poder de espalhamento, evita que o produto escorra. Ideal para pessoas com menor volume de fios capilares.<\/p>\n<p>&nbsp;<\/p>\n<p><strong>Espuma de Limpeza:<\/strong> Base com poder de limpeza profunda, removendo as impurezas, polui\u00e7\u00e3o e res\u00edduos de maquiagem. Equilibra a hidrata\u00e7\u00e3o natural da pele.\u00a0Dispensada em embalagem com v\u00e1lvula diferenciada liberando o produto em forma de espuma.<\/p>\n<p><strong>\u00a0<\/strong><\/p>\n<p><strong>\u00a0<\/strong><\/p>\n<p><strong>\u00a0<\/strong><\/p>\n<p><strong>ADVERT\u00caNCIAS:<\/strong><\/p>\n<p>Nunca compre medicamento sem orienta\u00e7\u00e3o de um profissional<\/p>\n<p>Fale com seu m\u00e9dico, farmac\u00eautico ou demais profissionais da sa\u00fade legalmente habilitados.<\/p>\n<p><span style=\"font-size: 14.4px;\"><a href=\"https:\/\/hervas-pharmacia.com.br\/novo\/contato\/\" class=\"button primary is-primary is-medium\"  >\n    <span>CONTATO<\/span>\n  <\/a>\n<\/span><\/p>\n","protected":false},"featured_media":1229,"template":"","meta":[],"product_cat":[24],"product_tag":[],"_links":{"self":[{"href":"https:\/\/hervas-pharmacia.com.br\/novo\/wp-json\/wp\/v2\/product\/565"}],"collection":[{"href":"https:\/\/hervas-pharmacia.com.br\/novo\/wp-json\/wp\/v2\/product"}],"about":[{"href":"https:\/\/hervas-pharmacia.com.br\/novo\/wp-json\/wp\/v2\/types\/product"}],"wp:featuredmedia":[{"embeddable":true,"href":"https:\/\/hervas-pharmacia.com.br\/novo\/wp-json\/wp\/v2\/media\/1229"}],"wp:attachment":[{"href":"https:\/\/hervas-pharmacia.com.br\/novo\/wp-json\/wp\/v2\/media?parent=565"}],"wp:term":[{"taxonomy":"product_cat","embeddable":true,"href":"https:\/\/hervas-pharmacia.com.br\/novo\/wp-json\/wp\/v2\/product_cat?post=565"},{"taxonomy":"product_tag","embeddable":true,"href":"https:\/\/hervas-pharmacia.com.br\/novo\/wp-json\/wp\/v2\/product_tag?post=565"}],"curies":[{"name":"wp","href":"https:\/\/api.w.org\/{rel}","templated":true}]}}